{"id":3014,"date":"2022-04-29T03:00:10","date_gmt":"2022-04-29T03:00:10","guid":{"rendered":"https:\/\/hallmarkhotelspa.com\/%d8%ba%d8%b1%d9%81\/"},"modified":"2023-08-21T13:36:35","modified_gmt":"2023-08-21T13:36:35","slug":"%d8%ba%d8%b1%d9%81","status":"publish","type":"page","link":"https:\/\/hallmarkhotelspa.com\/ar\/%d8%ba%d8%b1%d9%81\/","title":{"rendered":"\u063a\u0631\u0641"},"content":{"rendered":"\t\t<div data-elementor-type=\"wp-page\" data-elementor-id=\"3014\" class=\"elementor elementor-3014 elementor-90\">\n\t\t\t\t\t\t\t\t\t<section class=\"elementor-section elementor-top-section elementor-element elementor-element-14f27ca elementor-section-full_width elementor-section-height-default elementor-section-height-default\" data-id=\"14f27ca\" data-element_type=\"section\">\n\t\t\t\t\t\t<div class=\"elementor-container elementor-column-gap-no\">\n\t\t\t\t\t<div class=\"elementor-column elementor-col-100 elementor-top-column elementor-element elementor-element-63385f2\" data-id=\"63385f2\" data-element_type=\"column\">\n\t\t\t<div class=\"elementor-widget-wrap elementor-element-populated\">\n\t\t\t\t\t\t\t\t<div class=\"elementor-element elementor-element-ffd1151 elementor-align-left elementor-widget elementor-widget-pages-banner\" data-id=\"ffd1151\" data-element_type=\"widget\" data-widget_type=\"pages-banner.default\">\n\t\t\t\t<div class=\"elementor-widget-container\">\n\t\t\t\r\n\t\t\t\t<div class=\"banner-header section-padding valign bg-img bg-fixed\" data-overlay-dark=\"4\" data-background=\"http:\/\/hallmarkhotelspa.com\/wp-content\/uploads\/2023\/08\/d4-min-Kopya-scaled.jpg\">\r\n\t\t\t\t\t<div class=\"container\">\r\n\t\t\t\t<div class=\"row\">\r\n\t\t\t\t\t<div class=\"col-md-12 caption mt-90\">\r\n\t\t\t\t\t\t\t\t\t\t\t\t<h5>HALLMARK HOTEL &amp; SPA<\/h5>\r\n\t\t\t\t\t\t\t\t\t\t\t\t\t\t\t\t\t\t<h1>Odalar<\/h1>\r\n\t\t\t\t\t\t\t\t\t\t\t<\/div>\r\n\t\t\t\t<\/div>\r\n\t\t\t<\/div>\r\n\t\t<\/div>\r\n\r\n\t\t\t<\/div>\n\t\t\t\t<\/div>\n\t\t\t\t\t<\/div>\n\t\t<\/div>\n\t\t\t\t\t\t\t<\/div>\n\t\t<\/section>\n\t\t\t\t<section class=\"elementor-section elementor-top-section elementor-element elementor-element-a4cd1fa elementor-section-full_width elementor-section-height-default elementor-section-height-default\" data-id=\"a4cd1fa\" data-element_type=\"section\">\n\t\t\t\t\t\t<div class=\"elementor-container elementor-column-gap-no\">\n\t\t\t\t\t<div class=\"elementor-column elementor-col-100 elementor-top-column elementor-element elementor-element-211a874\" data-id=\"211a874\" data-element_type=\"column\">\n\t\t\t<div class=\"elementor-widget-wrap elementor-element-populated\">\n\t\t\t\t\t\t\t\t<div class=\"elementor-element elementor-element-16fb5c8 elementor-widget elementor-widget-html\" data-id=\"16fb5c8\" data-element_type=\"widget\" data-widget_type=\"html.default\">\n\t\t\t\t<div class=\"elementor-widget-container\">\n\t\t\t<section class=\"section-padding\">\n    <div class=\"container\">\n        <div class=\"row\">\n            <div class=\"col-md-12\">\n               <a href=\"https:\/\/hallmarkhotelspa.com\/ar\/room\/%d8%ba%d8%b1%d9%81%d8%a9-%d8%b3%d9%88%d8%a8%d9%8a%d8%b1%d9%8a%d9%88%d8%b1-%d9%85%d8%b9-%d8%aa%d8%b1%d8%a7%d8%b3\/\"> <div class=\"rooms2 mb-90 animate-box fadeInUp animated\" data-animate-effect=\"fadeInUp\">\n                    <figure><img decoding=\"async\" src=\"http:\/\/hallmarkhotelspa.com\/wp-content\/uploads\/2023\/07\/s5-min-scaled.jpg\" alt=\"\"><\/figure>\n                    <div class=\"caption\">\n                       \n                        <h4><a href=\"https:\/\/hallmarkhotelspa.com\/ar\/room\/%d8%ba%d8%b1%d9%81%d8%a9-%d8%b3%d9%88%d8%a8%d9%8a%d8%b1%d9%8a%d9%88%d8%b1-%d9%85%d8%b9-%d8%aa%d8%b1%d8%a7%d8%b3\/\">\u063a\u0631\u0641\u0629 \u0633\u0648\u0628\u064a\u0631\u064a\u0648\u0631<\/a><\/h4>\n                        <p>\u0631\u0628\u0637 \u062e\u064a\u0627\u0631\u0627\u062a \u0627\u0644\u063a\u0631\u0641 \u0627\u0644\u0645\u062a\u0627\u062d\u0629<\/p>\n                        <div class=\"row room-facilities\">\n                            <div class=\"col-md-6\">\n                                <ul>\n                                    <li><i class=\"flaticon-group\"><\/i> 2 + 1 \u0631\u0627\u0634\u062f\u0648\u0646<\/li>\n                                    <li><i class=\"flaticon-youtube\"><\/i>55\" \u062a\u0644\u0641\u0632\u064a\u0648\u0646 \u0630\u0643\u064a<\/li>\n                                <\/ul>\n                            <\/div>\n                            <div class=\"col-md-6\">\n                                <ul>\n                                    <li><i class=\"flaticon-world\"><\/i> 21 \u0645 2<\/li>\n                                    <li><i class=\"flaticon-coffee\"><\/i> \u0622\u0644\u0629 \u0635\u0646\u0639 \u0627\u0644\u0642\u0647\u0648\u0629<\/li>\n                                <\/ul>\n                            <\/div>\n                            \n                        <\/div>\n                        <hr class=\"border-2\">\n                        <div class=\"info-wrapper\">\n                            <div class=\"more\"><a href=\"https:\/\/hallmarkhotelspa.com\/ar\/room\/%d8%ba%d8%b1%d9%81%d8%a9-%d8%b3%d9%88%d8%a8%d9%8a%d8%b1%d9%8a%d9%88%d8%b1-%d9%85%d8%b9-%d8%aa%d8%b1%d8%a7%d8%b3\/\" class=\"link-btn\" tabindex=\"0\">\u0627\u0644\u062a\u0641\u0627\u0635\u064a\u0644 <i class=\"ti-arrow-right\"><\/i><\/a><\/div>\n                            <div class=\"butn-dark\"> <a href=\"https:\/\/hallmarkhotelspa.com\/ar\/room\/%d8%ba%d8%b1%d9%81%d8%a9-%d8%b3%d9%88%d8%a8%d9%8a%d8%b1%d9%8a%d9%88%d8%b1-%d9%85%d8%b9-%d8%aa%d8%b1%d8%a7%d8%b3\/\" data-scroll-nav=\"1\"><span>\u062d\u062c\u0632<\/span><\/a> <\/div>\n                        <\/div>\n                    <\/div>\n                <\/div><\/a>\n                <a href=\"https:\/\/hallmarkhotelspa.com\/ar\/room\/%d8%ba%d8%b1%d9%81%d8%a9-%d8%af%d9%8a%d9%84%d9%88%d9%83%d8%b3\/\"><div class=\"rooms2 mb-90 left animate-box fadeInUp animated\" data-animate-effect=\"fadeInUp\">\n                    <figure><img decoding=\"async\" src=\"http:\/\/hallmarkhotelspa.com\/wp-content\/uploads\/2023\/07\/d4-min-scaled.jpg\" alt=\"\" class=\"img-fluid\"><\/figure>\n                    <div class=\"caption\">\n                        <h4><a href=\"https:\/\/hallmarkhotelspa.com\/ar\/room\/%d8%ba%d8%b1%d9%81%d8%a9-%d8%af%d9%8a%d9%84%d9%88%d9%83%d8%b3\/\">\u063a\u0631\u0641\u0629 \u062f\u064a\u0644\u0648\u0643\u0633<\/a><\/h4>\n                        <p><\/p>\n                        <div class=\"row room-facilities\">\n                            <div class=\"col-md-6\">\n                                <ul>\n                                    <li><i class=\"flaticon-group\"><\/i> 2 + 1 \u0631\u0627\u0634\u062f\u0648\u0646<\/li>\n                                    <li><i class=\"flaticon-youtube\"><\/i>55\" \u062a\u0644\u0641\u0632\u064a\u0648\u0646 \u0630\u0643\u064a<\/li>\n                                <\/ul>\n                            <\/div>\n                            \n                            <div class=\"col-md-6\">\n                                <ul>\n                                    <li><i class=\"flaticon-world\"><\/i> 25 \u0645 2<\/li>\n                                    <li><i class=\"flaticon-coffee\"><\/i> \u0622\u0644\u0629 \u0635\u0646\u0639 \u0627\u0644\u0642\u0647\u0648\u0629<\/li>\n                                <\/ul>\n                            <\/div>\n                        <\/div>\n                        <hr class=\"border-2\">\n                        <div class=\"info-wrapper\">\n                            <div class=\"more\"><a href=\"https:\/\/hallmarkhotelspa.com\/ar\/room\/%d8%ba%d8%b1%d9%81%d8%a9-%d8%af%d9%8a%d9%84%d9%88%d9%83%d8%b3\/\" class=\"link-btn\" tabindex=\"0\">\u0627\u0644\u062a\u0641\u0627\u0635\u064a\u0644 <i class=\"ti-arrow-right\"><\/i><\/a><\/div>\n                            <div class=\"butn-dark\"> <a href=\"https:\/\/hallmarkhotelspa.com\/ar\/room\/%d8%ba%d8%b1%d9%81%d8%a9-%d8%af%d9%8a%d9%84%d9%88%d9%83%d8%b3\/\" data-scroll-nav=\"1\"><span>\u062d\u062c\u0632<\/span><\/a> <\/div>\n                        <\/div>\n                    <\/div>\n                <\/div><\/a>\n               <a href=\"https:\/\/hallmarkhotelspa.com\/ar\/room\/%d8%ba%d8%b1%d9%81%d8%a9-%d8%b3%d9%88%d8%a8%d9%8a%d8%b1%d9%8a%d9%88%d8%b1-%d9%85%d8%b9-%d8%aa%d8%b1%d8%a7%d8%b3-2\/\"> <div class=\"rooms2 mb-90 animate-box fadeInUp animated\" data-animate-effect=\"fadeInUp\">\n                    <figure><img decoding=\"async\" src=\"http:\/\/hallmarkhotelspa.com\/wp-content\/uploads\/2023\/07\/st2-min-scaled.jpg\" alt=\"\" class=\"img-fluid\"><\/figure>\n                    <div class=\"caption\">\n                        \n                        <h4><a href=\"https:\/\/hallmarkhotelspa.com\/ar\/room\/%d8%ba%d8%b1%d9%81%d8%a9-%d8%b3%d9%88%d8%a8%d9%8a%d8%b1%d9%8a%d9%88%d8%b1-%d9%85%d8%b9-%d8%aa%d8%b1%d8%a7%d8%b3-2\/\">\u063a\u0631\u0641\u0629 \u0633\u0648\u0628\u064a\u0631\u064a\u0648\u0631 \u0645\u0639 \u062a\u0631\u0627\u0633<\/a><\/h4>\n                        <p>\u062d\u062c\u0645 \u0627\u0644\u0634\u0631\u0641\u0629 7 \u0645\u062a\u0631 \u0645\u0631\u0628\u0639<\/p>\n                        <div class=\"row room-facilities\">\n                            <div class=\"col-md-6\">\n                                <ul>\n                                    <li><i class=\"flaticon-group\"><\/i> 2 \u0631\u0627\u0634\u062f\u0648\u0646<\/li>\n                                    <li><i class=\"flaticon-youtube\"><\/i>55\" \u062a\u0644\u0641\u0632\u064a\u0648\u0646 \u0630\u0643\u064a<\/li>\n                                <\/ul>\n                            <\/div>\n                            \n                            <div class=\"col-md-6\">\n                                <ul>\n                                    <li><i class=\"flaticon-world\"><\/i> 21 + 7 \u0645 2<\/li>\n                                    <li><i class=\"flaticon-coffee\"><\/i> \u0622\u0644\u0629 \u0635\u0646\u0639 \u0627\u0644\u0642\u0647\u0648\u0629<\/li>\n                                <\/ul>\n                            <\/div>\n                        <\/div>\n                        <hr class=\"border-2\">\n                        <div class=\"info-wrapper\">\n                            <div class=\"more\"><a href=\"https:\/\/hallmarkhotelspa.com\/ar\/room\/%d8%ba%d8%b1%d9%81%d8%a9-%d8%b3%d9%88%d8%a8%d9%8a%d8%b1%d9%8a%d9%88%d8%b1-%d9%85%d8%b9-%d8%aa%d8%b1%d8%a7%d8%b3-2\/\" class=\"link-btn\" tabindex=\"0\">\u0627\u0644\u062a\u0641\u0627\u0635\u064a\u0644 <i class=\"ti-arrow-right\"><\/i><\/a><\/div>\n                            <div class=\"butn-dark\"> <a href=\"https:\/\/hallmarkhotelspa.com\/ar\/room\/%d8%ba%d8%b1%d9%81%d8%a9-%d8%b3%d9%88%d8%a8%d9%8a%d8%b1%d9%8a%d9%88%d8%b1-%d9%85%d8%b9-%d8%aa%d8%b1%d8%a7%d8%b3-2\/\" data-scroll-nav=\"1\"><span>\u062d\u062c\u0632<\/span><\/a> <\/div>\n                        <\/div>\n                    <\/div><\/a>\n                <\/div>\n                <a href=\"https:\/\/hallmarkhotelspa.com\/ar\/room\/%d8%ba%d8%b1%d9%81%d8%a9-%d8%a8%d8%b1%d9%8a%d9%85%d9%8a%d9%88%d9%85\/\"><div class=\"rooms2 mb-90 left animate-box fadeInUp animated\" data-animate-effect=\"fadeInUp\">\n                    <figure><img decoding=\"async\" src=\"http:\/\/hallmarkhotelspa.com\/wp-content\/uploads\/2023\/07\/p2-min-scaled.jpg\" alt=\"\" class=\"img-fluid\"><\/figure>\n                    <div class=\"caption\">\n                        <h4><a href=\"https:\/\/hallmarkhotelspa.com\/ar\/room\/%d8%ba%d8%b1%d9%81%d8%a9-%d8%a8%d8%b1%d9%8a%d9%85%d9%8a%d9%88%d9%85\/\">\u063a\u0631\u0641\u0629 \u0628\u0631\u064a\u0645\u064a\u0648\u0645<\/a><\/h4>\n                        <p>\u062d\u062c\u0645 \u0627\u0644\u0634\u0631\u0641\u0629 12 \u0645\u062a\u0631 \u0645\u0631\u0628\u0639<\/p>\n                        <div class=\"row room-facilities\">\n                            <div class=\"col-md-6\">\n                                <ul>\n                                    <li><i class=\"flaticon-group\"><\/i> 2 + 1 \u0631\u0627\u0634\u062f\u0648\u0646<\/li>\n                                    <li><i class=\"flaticon-youtube\"><\/i>55\" \u062a\u0644\u0641\u0632\u064a\u0648\u0646 \u0630\u0643\u064a<\/li>\n                                <\/ul>\n                            <\/div>\n                            \n                            <div class=\"col-md-6\">\n                                <ul>\n                                    <li><i class=\"flaticon-world\"><\/i> 24 + 12 \u0645 2<\/li>\n                                    <li><i class=\"flaticon-coffee\"><\/i> \u0622\u0644\u0629 \u0635\u0646\u0639 \u0627\u0644\u0642\u0647\u0648\u0629<\/li>\n                                <\/ul>\n                            <\/div>\n                        <\/div>\n                        <hr class=\"border-2\">\n                        <div class=\"info-wrapper\">\n                            <div class=\"more\"><a href=\"https:\/\/hallmarkhotelspa.com\/ar\/room\/%d8%ba%d8%b1%d9%81%d8%a9-%d8%a8%d8%b1%d9%8a%d9%85%d9%8a%d9%88%d9%85\/\" class=\"link-btn\" tabindex=\"0\">\u0627\u0644\u062a\u0641\u0627\u0635\u064a\u0644 <i class=\"ti-arrow-right\"><\/i><\/a><\/div>\n                            <div class=\"butn-dark\"> <a href=\"https:\/\/hallmarkhotelspa.com\/ar\/room\/%d8%ba%d8%b1%d9%81%d8%a9-%d8%a8%d8%b1%d9%8a%d9%85%d9%8a%d9%88%d9%85\/\" data-scroll-nav=\"1\"><span>\u062d\u062c\u0632<\/span><\/a> <\/div>\n                        <\/div>\n                    <\/div>\n                <\/div><\/a>\n            \n            <\/div>\n        <\/div>\n    <\/div>\n<\/section>\t\t<\/div>\n\t\t\t\t<\/div>\n\t\t\t\t\t<\/div>\n\t\t<\/div>\n\t\t\t\t\t\t\t<\/div>\n\t\t<\/section>\n\t\t\t\t<section class=\"elementor-section elementor-top-section elementor-element elementor-element-32542f0 elementor-section-full_width elementor-section-height-default elementor-section-height-default\" data-id=\"32542f0\" data-element_type=\"section\">\n\t\t\t\t\t\t<div class=\"elementor-container elementor-column-gap-no\">\n\t\t\t\t\t<div class=\"elementor-column elementor-col-100 elementor-top-column elementor-element elementor-element-b3d0d92\" data-id=\"b3d0d92\" data-element_type=\"column\">\n\t\t\t<div class=\"elementor-widget-wrap elementor-element-populated\">\n\t\t\t\t\t\t\t\t<div class=\"elementor-element elementor-element-c2b4174 elementor-align-left elementor-widget elementor-widget-home-pricing\" data-id=\"c2b4174\" data-element_type=\"widget\" data-widget_type=\"home-pricing.default\">\n\t\t\t\t<div class=\"elementor-widget-container\">\n\t\t\t\r\n\t\t\t\t<section class=\"pricing section-padding bg-black\">\r\n\t\t\t \r\n\t\t\t<h2 style=\"display: none!important;\">The Cappa<\/h2>\r\n\t\t\t<div class=\"container\">\r\n\t\t\t\t<div class=\"row\">\r\n\t\t\t\t\t<div class=\"col-md-4\">\r\n\t\t\t\t\t\t\t\t\t\t\t\t<div class=\"section-subtitle\"><span>HALLMARK HOTEL &amp; SPA<\/span><\/div>\r\n\t\t\t\t\t\t\t\t\t\t\t\t\t\t\t\t\t\t<div class=\"section-title\"><span>Ekstra Servisler<\/span><\/div>\r\n\t\t\t\t\t\t\t\t\t\t\t\t\t\t\t\t\t\t<p class=\"color-2\">\nMisafirlerimizin konaklama d\u0131\u015f\u0131ndaki ek ihtiya\u00e7lar\u0131 i\u00e7in 7\/24 yard\u0131mc\u0131 oluyoruz. Havaliman\u0131 transferi, ara\u00e7 kiralama, gezi ve tur hizmetleri gibi bir \u00e7ok konuda sizlere hizmet sunmak i\u00e7in haz\u0131r\u0131z. <\/p>\t\t\t\t\t\t\t\t\t\t\t\t\t\t\t\t\t\t<div class=\"reservations mb-30\">\r\n\t\t\t\t\t\t\t<div class=\"icon\"><span class=\"flaticon-call\"><\/span><\/div>\r\n\t\t\t\t\t\t\t<div class=\"text\">\r\n\t\t\t\t\t\t\t\t<p class=\"color-2\">Bilgi i\u00e7in<\/p> <a href=\"tel:0212 291 00 91\">0212 291 00 91<\/a>\t\t\t\t\t\t\t<\/div>\r\n\t\t\t\t\t\t<\/div>\r\n\t\t\t\t\t\t\t\t\t\t\t<\/div>\r\n\t\t\t\t\t<div class=\"col-md-8\">\r\n\t\t\t\t\t\t<div class=\"owl-carousel owl-theme\">\r\n\t\t\t\t\t\t\t\t\t\t\t\t\t\t\t<div class=\"pricing-card\">\r\n\t\t\t\t\t\t\t\t\t\t\t\t\t\t\t\t\t\t<img decoding=\"async\" src=\"http:\/\/hallmarkhotelspa.com\/wp-content\/uploads\/2023\/02\/5-1.jpg\" alt=\"\">\r\n\t\t\t\t\t\t\t\t\t\t\t\t\t\t\t\t\t\t<div class=\"desc\">\r\n\t\t\t\t\t\t\t\t\t\t\t\t\t\t\t\t\t\t\t\t<div class=\"name\">Havaliman\u0131 Transferi<\/div>\r\n\t\t\t\t\t\t\t\t\t\t\t\t\t\t\t\t\t\t\t\t\t\t\t\t\t\t\t\t\t\t\t\t\t\t\t\t\t\t\t\t<ul class=\"list-unstyled list\">\r\n\t\t\t\t\t\t\t\t\t\t\t<li><i class=\"ti-check\"><\/i> Havaliman\u0131ndan Alma<\/li>\n<li><i class=\"ti-check\"><\/i> Havaliman\u0131na B\u0131rakma<\/li>\t\t\t\t\t\t\t\t\t\t<\/ul>\r\n\t\t\t\t\t\t\t\t\t\t\t\t\t\t\t\t\t\t\t<\/div>\r\n\t\t\t\t\t\t\t\t<\/div>\r\n\t\t\t\t\t\t\t\t\t\t\t\t\t\t\t<div class=\"pricing-card\">\r\n\t\t\t\t\t\t\t\t\t\t\t\t\t\t\t\t\t\t<img decoding=\"async\" src=\"http:\/\/hallmarkhotelspa.com\/wp-content\/uploads\/2023\/02\/3-2.jpg\" alt=\"\">\r\n\t\t\t\t\t\t\t\t\t\t\t\t\t\t\t\t\t\t<div class=\"desc\">\r\n\t\t\t\t\t\t\t\t\t\t\t\t\t\t\t\t\t\t\t\t<div class=\"name\">Ara\u00e7 Kiralama<\/div>\r\n\t\t\t\t\t\t\t\t\t\t\t\t\t\t\t\t\t\t\t\t\t\t\t\t\t\t\t\t\t\t\t\t\t\t\t\t\t\t\t\t<ul class=\"list-unstyled list\">\r\n\t\t\t\t\t\t\t\t\t\t\t<li><i class=\"ti-check\"><\/i>  L\u00fcks segment ara\u00e7 kiralama <\/li>\n<li><i class=\"ti-check\"><\/i>  \u00d6zel \u015fof\u00f6rl\u00fc ara\u00e7 kiralama<\/li>\t\t\t\t\t\t\t\t\t\t<\/ul>\r\n\t\t\t\t\t\t\t\t\t\t\t\t\t\t\t\t\t\t\t<\/div>\r\n\t\t\t\t\t\t\t\t<\/div>\r\n\t\t\t\t\t\t\t\t\t\t\t\t\t\t\t<div class=\"pricing-card\">\r\n\t\t\t\t\t\t\t\t\t\t\t\t\t\t\t\t\t\t<img decoding=\"async\" src=\"http:\/\/hallmarkhotelspa.com\/wp-content\/uploads\/2023\/02\/4-1.jpg\" alt=\"\">\r\n\t\t\t\t\t\t\t\t\t\t\t\t\t\t\t\t\t\t<div class=\"desc\">\r\n\t\t\t\t\t\t\t\t\t\t\t\t\t\t\t\t\t\t\t\t<div class=\"name\">Gezi &amp; Turlar<\/div>\r\n\t\t\t\t\t\t\t\t\t\t\t\t\t\t\t\t\t\t\t\t\t\t\t\t\t\t\t\t\t\t\t\t\t\t\t\t\t\t\t\t<ul class=\"list-unstyled list\">\r\n\t\t\t\t\t\t\t\t\t\t\t<li><i class=\"ti-check\"><\/i>Size \u00f6zel rehberli tur se\u00e7enekleri<\/li>\n<li><i class=\"ti-check\"><\/i> Tam g\u00fcn tarihi mekan gezileri<\/li>\t\t\t\t\t\t\t\t\t\t<\/ul>\r\n\t\t\t\t\t\t\t\t\t\t\t\t\t\t\t\t\t\t\t<\/div>\r\n\t\t\t\t\t\t\t\t<\/div>\r\n\t\t\t\t\t\t\t\t\t\t\t\t\t<\/div>\r\n\t\t\t\t\t<\/div>\r\n\t\t\t\t<\/div>\r\n\t\t\t<\/div>\r\n\t\t<\/section>\r\n\r\n\t\t\t<\/div>\n\t\t\t\t<\/div>\n\t\t\t\t\t<\/div>\n\t\t<\/div>\n\t\t\t\t\t\t\t<\/div>\n\t\t<\/section>\n\t\t\t\t\t\t\t<\/div>\n\t\t","protected":false},"excerpt":{"rendered":"<p>HALLMARK HOTEL &amp; SPA Odalar \u063a\u0631\u0641\u0629 \u0633\u0648\u0628\u064a\u0631\u064a\u0648\u0631 \u0631\u0628\u0637 \u062e\u064a\u0627\u0631\u0627\u062a \u0627\u0644\u063a\u0631\u0641 \u0627\u0644\u0645\u062a\u0627\u062d\u0629 2 + 1 \u0631\u0627\u0634\u062f\u0648\u0646 55&#8243; \u062a\u0644\u0641\u0632\u064a\u0648\u0646 \u0630\u0643\u064a 21 \u0645 2 \u0622\u0644\u0629 \u0635\u0646\u0639 \u0627\u0644\u0642\u0647\u0648\u0629 \u0627\u0644\u062a\u0641\u0627\u0635\u064a\u0644 \u062d\u062c\u0632 \u063a\u0631\u0641\u0629 \u062f\u064a\u0644\u0648\u0643\u0633 2 + 1 \u0631\u0627\u0634\u062f\u0648\u0646 55&#8243; \u062a\u0644\u0641\u0632\u064a\u0648\u0646 \u0630\u0643\u064a 25 \u0645 2 \u0622\u0644\u0629 \u0635\u0646\u0639 \u0627\u0644\u0642\u0647\u0648\u0629 \u0627\u0644\u062a\u0641\u0627\u0635\u064a\u0644 \u062d\u062c\u0632 \u063a\u0631\u0641\u0629 \u0633\u0648\u0628\u064a\u0631\u064a\u0648\u0631 \u0645\u0639 \u062a\u0631\u0627\u0633 \u062d\u062c\u0645 \u0627\u0644\u0634\u0631\u0641\u0629 7 \u0645\u062a\u0631 \u0645\u0631\u0628\u0639 2 \u0631\u0627\u0634\u062f\u0648\u0646 55&#8243; [&hellip;]<\/p>\n","protected":false},"author":1,"featured_media":0,"parent":0,"menu_order":0,"comment_status":"closed","ping_status":"closed","template":"elementor_header_footer","meta":{"footnotes":""},"class_list":["post-3014","page","type-page","status-publish","hentry"],"_links":{"self":[{"href":"https:\/\/hallmarkhotelspa.com\/ar\/wp-json\/wp\/v2\/pages\/3014","targetHints":{"allow":["GET"]}}],"collection":[{"href":"https:\/\/hallmarkhotelspa.com\/ar\/wp-json\/wp\/v2\/pages"}],"about":[{"href":"https:\/\/hallmarkhotelspa.com\/ar\/wp-json\/wp\/v2\/types\/page"}],"author":[{"embeddable":true,"href":"https:\/\/hallmarkhotelspa.com\/ar\/wp-json\/wp\/v2\/users\/1"}],"replies":[{"embeddable":true,"href":"https:\/\/hallmarkhotelspa.com\/ar\/wp-json\/wp\/v2\/comments?post=3014"}],"version-history":[{"count":45,"href":"https:\/\/hallmarkhotelspa.com\/ar\/wp-json\/wp\/v2\/pages\/3014\/revisions"}],"predecessor-version":[{"id":4482,"href":"https:\/\/hallmarkhotelspa.com\/ar\/wp-json\/wp\/v2\/pages\/3014\/revisions\/4482"}],"wp:attachment":[{"href":"https:\/\/hallmarkhotelspa.com\/ar\/wp-json\/wp\/v2\/media?parent=3014"}],"curies":[{"name":"wp","href":"https:\/\/api.w.org\/{rel}","templated":true}]}}