{"id":3082,"date":"2022-04-29T02:57:41","date_gmt":"2022-04-29T02:57:41","guid":{"rendered":"https:\/\/hallmarkhotelspa.com\/%d9%84%d8%a7%d8%aa%d8%b5%d8%a7%d9%84%d8%a7%d8%aa\/"},"modified":"2023-08-21T14:40:46","modified_gmt":"2023-08-21T14:40:46","slug":"%d9%84%d8%a7%d8%aa%d8%b5%d8%a7%d9%84%d8%a7%d8%aa","status":"publish","type":"page","link":"https:\/\/hallmarkhotelspa.com\/ar\/%d9%84%d8%a7%d8%aa%d8%b5%d8%a7%d9%84%d8%a7%d8%aa\/","title":{"rendered":"\u0644\u0627\u062a\u0635\u0627\u0644\u0627\u062a"},"content":{"rendered":"\t\t<div data-elementor-type=\"wp-page\" data-elementor-id=\"3082\" class=\"elementor elementor-3082 elementor-82\">\n\t\t\t\t\t\t\t\t\t<section class=\"elementor-section elementor-top-section elementor-element elementor-element-550c306 elementor-section-full_width elementor-section-height-default elementor-section-height-default\" data-id=\"550c306\" data-element_type=\"section\">\n\t\t\t\t\t\t<div class=\"elementor-container elementor-column-gap-no\">\n\t\t\t\t\t<div class=\"elementor-column elementor-col-100 elementor-top-column elementor-element elementor-element-77d1bef\" data-id=\"77d1bef\" data-element_type=\"column\">\n\t\t\t<div class=\"elementor-widget-wrap elementor-element-populated\">\n\t\t\t\t\t\t\t\t<div class=\"elementor-element elementor-element-bee56e8 elementor-align-left elementor-widget elementor-widget-pages-banner\" data-id=\"bee56e8\" data-element_type=\"widget\" data-widget_type=\"pages-banner.default\">\n\t\t\t\t<div class=\"elementor-widget-container\">\n\t\t\t\r\n\t\t\t\t<div class=\"banner-header section-padding valign bg-img bg-fixed\" data-overlay-dark=\"4\" data-background=\"http:\/\/hallmarkhotelspa.com\/wp-content\/uploads\/2023\/08\/G0A2436-copy-min-scaled.jpg\">\r\n\t\t\t\t\t<div class=\"container\">\r\n\t\t\t\t<div class=\"row\">\r\n\t\t\t\t\t<div class=\"col-md-12 caption mt-90\">\r\n\t\t\t\t\t\t\t\t\t\t\t\t<h5>Hallmark Hotel &amp; Spa<\/h5>\r\n\t\t\t\t\t\t\t\t\t\t\t\t\t\t\t\t\t\t<h1>\u0644\u0627\u062a\u0635\u0627\u0644\u0627\u062a<\/h1>\r\n\t\t\t\t\t\t\t\t\t\t\t<\/div>\r\n\t\t\t\t<\/div>\r\n\t\t\t<\/div>\r\n\t\t<\/div>\r\n\r\n\t\t\t<\/div>\n\t\t\t\t<\/div>\n\t\t\t\t\t<\/div>\n\t\t<\/div>\n\t\t\t\t\t\t\t<\/div>\n\t\t<\/section>\n\t\t\t\t<section class=\"elementor-section elementor-top-section elementor-element elementor-element-fb25961 elementor-section-full_width elementor-section-height-default elementor-section-height-default\" data-id=\"fb25961\" data-element_type=\"section\">\n\t\t\t\t\t\t<div class=\"elementor-container elementor-column-gap-no\">\n\t\t\t\t\t<div class=\"elementor-column elementor-col-100 elementor-top-column elementor-element elementor-element-9394148\" data-id=\"9394148\" data-element_type=\"column\">\n\t\t\t<div class=\"elementor-widget-wrap elementor-element-populated\">\n\t\t\t\t\t\t\t\t<div class=\"elementor-element elementor-element-712735d elementor-align-right elementor-widget elementor-widget-pages-contact\" data-id=\"712735d\" data-element_type=\"widget\" data-widget_type=\"pages-contact.default\">\n\t\t\t\t<div class=\"elementor-widget-container\">\n\t\t\t<style>\r\n    section.contact form p {\r\n        display: block;\r\n    }\r\n<\/style>\r\n\t\t<section class=\"contact section-padding\">\r\n\t\t\t<div class=\"container\">\r\n\t\t\t\t<div class=\"row mb-90\">\r\n\t\t\t\t\t<div class=\"col-md-6 mb-60\">\r\n\t\t\t\t\t\t\t\t\t\t\t\t<h3>Hallmark Hotel &amp; Spa<\/h3>\r\n\t\t\t\t\t\t\t\t\t\t\t\t\t\t\t\t\t\t<p>\u0628\u0635\u0641\u062a\u0646\u0627 \u0641\u0646\u062f\u0642 \u0648\u0633\u0628\u0627 \u0647\u0648\u0644\u0645\u0627\u0631\u0643 \u060c \u0641\u0625\u0646 \u0622\u0631\u0627\u0626\u0643 \u0648\u0623\u0641\u0643\u0627\u0631\u0643 \u0645\u0647\u0645\u0629 \u062c\u062f\u0627 \u0628\u0627\u0644\u0646\u0633\u0628\u0629 \u0644\u0646\u0627 \u060c \u064a\u0645\u0643\u0646\u0643 \u0627\u0644\u0627\u062a\u0635\u0627\u0644 \u0628\u0641\u0631\u064a\u0642\u0646\u0627 \u0627\u0644\u0630\u064a \u064a\u062e\u062f\u0645 24\/7 \u0641\u064a \u0623\u064a \u0648\u0642\u062a.<\/p>\r\n\t\t\t\t\t\t\t\t\t\t\t\t\t\t\t\t\t\t<div class=\"reservations mb-30\">\r\n\t\t\t\t\t\t\t\t\t\t\t\t\t\t<div class=\"icon\"><span class=\"flaticon-call\"><\/span><\/div>\r\n\t\t\t\t\t\t\t\t\t\t\t\t\t\t\t\t\t\t\t\t\t<div class=\"text\">\r\n\t\t\t\t\t\t\t\t<p>\u062d\u062c\u0632<\/p> <a href=\"tel:0 212 291 00 91\">91 00 291 0212<\/a>\t\t\t\t\t\t\t<\/div>\r\n\t\t\t\t\t\t\t\t\t\t\t\t\t<\/div>\r\n\t\t\t\t\t\t\t\t\t\t\t\t<div class=\"reservations mb-30\">\r\n\t\t\t\t\t\t\t\t\t\t\t\t\t\t<div class=\"icon\"><span class=\"flaticon-message\"><\/span><\/div>\r\n\t\t\t\t\t\t\t\t\t\t\t\t\t\t\t\t\t\t\t\t\t<div class=\"text\">\r\n\t\t\t\t\t\t\t\t<p>\u0641\u0627\u0643\u0633<\/p> <a href=\"tel:0 212 291 44 91\">91 44 291 0212<\/a>\t\t\t\t\t\t\t<\/div>\r\n\t\t\t\t\t\t\t\t\t\t\t\t\t<\/div>\r\n\t\t\t\t\t\t\t\t\t\t\t\t<div class=\"reservations mb-30\">\r\n\t\t\t\t\t\t\t\t\t\t\t\t\t\t<div class=\"icon\"><span class=\"flaticon-envelope\"><\/span><\/div>\r\n\t\t\t\t\t\t\t\t\t\t\t\t\t\t\t\t\t\t\t\t\t<div class=\"text\">\r\n\t\t\t\t\t\t\t\t<p>\u0627\u0644\u0628\u0631\u064a\u062f \u0627\u0644\u0627\u0644\u0643\u062a\u0631\u0648\u0646\u0649<\/p> <a href=\"mailto:info@hallmarkhotelspa.com\"> info@hallmarkhotelspa.com<\/a>\t\t\t\t\t\t\t<\/div>\r\n\t\t\t\t\t\t\t\t\t\t\t\t\t<\/div>\r\n\t\t\t\t\t\t\t\t\t\t\t\t<div class=\"reservations mb-30\">\r\n\t\t\t\t\t\t\t\t\t\t\t\t\t\t<div class=\"icon\"><span class=\"flaticon-location-pin\"><\/span><\/div>\r\n\t\t\t\t\t\t\t\t\t\t\t\t\t\t\t\t\t\t\t\t\t<div class=\"text\">\r\n\t\t\t\t\t\t\t\t<p>\u0627\u0644\u0639\u0646\u0648\u0627\u0646<\/p> Me\u015frutiyet Mahallesi Matbaac\u0131 Osmanbey Sokak No 30 \u015ei\u015fli Istanbul\t\t\t\t\t\t\t<\/div>\r\n\t\t\t\t\t\t\t\t\t\t\t\t\t<\/div>\r\n\t\t\t\t\t\t\t\t\t\t\t<\/div>\r\n\t\t\t\t\t<div class=\"col-md-5 mb-30 offset-md-1\">\r\n\t\t\t\t\t\t\t\t\t\t\t\t<h3>\u0643\u062a\u0628 \u0644\u0646\u0627<\/h3>\r\n\t\t\t\t\t\t\t\t\t\t\t\t                        <div class=\"row\" id=\"mesajok\">\r\n                            <div class=\"col-12\">\r\n                                <div class=\"alert alert-success contact__msg\" style=\"display: none\" role=\"alert\"> Your message was sent successfully. <\/div>\r\n                            <\/div>\r\n                        <\/div>\r\n\t\t\t\t\t\t\n<div class=\"wpcf7 no-js\" id=\"wpcf7-f3649-o1\" lang=\"tr-TR\" dir=\"ltr\">\n<div class=\"screen-reader-response\"><p role=\"status\" aria-live=\"polite\" aria-atomic=\"true\"><\/p> <ul><\/ul><\/div>\n<form action=\"\/ar\/wp-json\/wp\/v2\/pages\/3082#wpcf7-f3649-o1\" method=\"post\" class=\"wpcf7-form init\" aria-label=\"Contact form\" novalidate=\"novalidate\" data-status=\"init\">\n<div style=\"display: none;\">\n<input type=\"hidden\" name=\"_wpcf7\" value=\"3649\" \/>\n<input type=\"hidden\" name=\"_wpcf7_version\" value=\"5.8.7\" \/>\n<input type=\"hidden\" name=\"_wpcf7_locale\" value=\"tr_TR\" \/>\n<input type=\"hidden\" name=\"_wpcf7_unit_tag\" value=\"wpcf7-f3649-o1\" \/>\n<input type=\"hidden\" name=\"_wpcf7_container_post\" value=\"0\" \/>\n<input type=\"hidden\" name=\"_wpcf7_posted_data_hash\" value=\"\" \/>\n<\/div>\n<div class=\"row\">\n\t<div class=\"col-md-6 form-group\">\n\t\t<p><span class=\"wpcf7-form-control-wrap\" data-name=\"your-name\"><input size=\"40\" class=\"wpcf7-form-control wpcf7-text wpcf7-validates-as-required\" autocomplete=\"name\" aria-required=\"true\" aria-invalid=\"false\" placeholder=\"\u0627\u0644\u0627\u0633\u0645 \u0627\u0644\u0643\u0627\u0645\u0644\" value=\"\" type=\"text\" name=\"your-name\" \/><\/span>\n\t\t<\/p>\n\t<\/div>\n\t<div class=\"col-md-6 form-group\">\n\t\t<p><span class=\"wpcf7-form-control-wrap\" data-name=\"your-email\"><input size=\"40\" class=\"wpcf7-form-control wpcf7-email wpcf7-validates-as-required wpcf7-text wpcf7-validates-as-email\" autocomplete=\"email\" aria-required=\"true\" aria-invalid=\"false\" placeholder=\"\u0628\u0631\u064a\u062f\" value=\"\" type=\"email\" name=\"your-email\" \/><\/span>\n\t\t<\/p>\n\t<\/div>\n\t<div class=\"col-md-6 form-group\">\n\t\t<p><span class=\"wpcf7-form-control-wrap\" data-name=\"your-tel\"><input size=\"40\" class=\"wpcf7-form-control wpcf7-text wpcf7-validates-as-required\" aria-required=\"true\" aria-invalid=\"false\" placeholder=\"\u0647\u0627\u062a\u0641\" value=\"\" type=\"text\" name=\"your-tel\" \/><\/span>\n\t\t<\/p>\n\t<\/div>\n\t<div class=\"col-md-6 form-group\">\n\t\t<p><span class=\"wpcf7-form-control-wrap\" data-name=\"your-subject\"><input size=\"40\" class=\"wpcf7-form-control wpcf7-text wpcf7-validates-as-required\" aria-required=\"true\" aria-invalid=\"false\" placeholder=\"\u0645\u0648\u0636\u0648\u0639\" value=\"\" type=\"text\" name=\"your-subject\" \/><\/span>\n\t\t<\/p>\n\t<\/div>\n\t<div class=\"col-md-12 form-group\">\n\t\t<p><span class=\"wpcf7-form-control-wrap\" data-name=\"your-message\"><textarea cols=\"40\" rows=\"10\" class=\"wpcf7-form-control wpcf7-textarea\" aria-invalid=\"false\" placeholder=\"\u0631\u0633\u0627\u0644\u0629\" name=\"your-message\"><\/textarea><\/span>\n\t\t<\/p>\n\t<\/div>\n\t<div class=\"col-md-12\">\n\t\t<p><input class=\"wpcf7-form-control wpcf7-submit has-spinner butn-dark\" type=\"submit\" value=\"G\u00f6nder\" \/>\n\t\t<\/p>\n\t<\/div>\n<\/div><div class=\"wpcf7-response-output\" aria-hidden=\"true\"><\/div>\n<\/form>\n<\/div>\n\t\t\t\t\t\t\t\t\t\t\t<\/div>\r\n                <\/div>\r\n\t\t\t\t\t\t\t\t<div class=\"row\">\r\n\t\t\t\t\t<div class=\"col-md-12 map animate-box\" data-animate-effect=\"fadeInUp\">\r\n\t\t\t\t\t\t<iframe src=\"https:\/\/www.google.com\/maps\/embed?pb=!1m14!1m12!1m3!1d632.4958928465521!2d28.988565739964457!3d41.054247516529955!2m3!1f0!2f0!3f0!3m2!1i1024!2i768!4f13.1!5e0!3m2!1str!2str!4v1677755430075!5m2!1str!2str\" width=\"600\" height=\"450\" style=\"border:0;\" allowfullscreen=\"\" loading=\"lazy\" referrerpolicy=\"no-referrer-when-downgrade\" width=\"100%\" height=\"600\" style=\"border:0;\" allowfullscreen=\"\" loading=\"lazy\"><\/iframe>\r\n\t\t\t\t\t<\/div>\r\n\t\t\t\t<\/div>\r\n\t\t\t\t\t\t\t<\/div>\r\n\t\t<\/section>\r\n\t\t\r\n\r\n\t\t\t<\/div>\n\t\t\t\t<\/div>\n\t\t\t\t\t<\/div>\n\t\t<\/div>\n\t\t\t\t\t\t\t<\/div>\n\t\t<\/section>\n\t\t\t\t<section class=\"elementor-section elementor-top-section elementor-element elementor-element-20b7026 elementor-section-full_width elementor-section-height-default elementor-section-height-default\" data-id=\"20b7026\" data-element_type=\"section\">\n\t\t\t\t\t\t<div class=\"elementor-container elementor-column-gap-no\">\n\t\t\t\t\t<div class=\"elementor-column elementor-col-100 elementor-top-column elementor-element elementor-element-2a9ca24\" data-id=\"2a9ca24\" data-element_type=\"column\">\n\t\t\t<div class=\"elementor-widget-wrap elementor-element-populated\">\n\t\t\t\t\t\t\t\t<div class=\"elementor-element elementor-element-db00799 elementor-align-right elementor-widget elementor-widget-pages-faq\" data-id=\"db00799\" data-element_type=\"widget\" data-widget_type=\"pages-faq.default\">\n\t\t\t\t<div class=\"elementor-widget-container\">\n\t\t\t\r\n\t\t\t\t<section class=\"section-padding bg-cream\">\r\n\t\t \r\n\t\t\t<div class=\"container\">\r\n\t\t\t\t<div class=\"row\">\r\n\t\t\t\t\t<div class=\"col-md-12\">\r\n\t\t\t\t\t\t\t\t\t\t\t\t\t<div class=\"section-subtitle\">\u0623\u0633\u0626\u0644\u0629 \u0645\u0643\u0631\u0631\u0629<\/div>\r\n\t\t\t\t\t\t\t\t\t\t\t\t\t\t\t\t\t<\/div>\r\n\t\t\t\t\t<div class=\"col-md-12\">\r\n\t\t\t\t\t\t<ul class=\"accordion-box clearfix\">\r\n\t\t\t\t\t\t\t\t\t\t\t\t\t\t\t<li class=\"accordion block\">\r\n\t\t\t\t\t\t\t\t\t\t\t\t\t\t\t\t\t\t\t<div class=\"acc-btn\">\u0643\u064a\u0641 \u0623\u0635\u0644 \u0625\u0644\u0649 \u0627\u0644\u0641\u0646\u062f\u0642\u061f<\/div>\r\n\t\t\t\t\t\t\t\t\t\t\t\t\t\t\t\t\t\t\t\t\t\t\t\t\t\t\t\t<div class=\"acc-content\">\r\n\t\t\t\t\t\t\t\t\t\t\t<div class=\"content\">\r\n\t\t\t\t\t\t\t\t\t\t\t\t<div class=\"text\">\u064a\u0642\u0639 \u0627\u0644\u0641\u0646\u062f\u0642 \u0639\u0644\u0649 \u0628\u0639\u062f 2 \u062f\u0642\u064a\u0642\u0629 \u0645\u0646 \u0645\u062d\u0637\u0629 \u0639\u062b\u0645\u0627\u0646 \u0628\u064a\u0647 \u0639\u0628\u0631 \u062e\u0637 \u0645\u062a\u0631\u0648 \u062d\u0627\u062c\u064a \u0639\u062b\u0645\u0627\u0646 - \u064a\u0646\u064a \u0643\u0627\u0628\u064a<\/div>\r\n\t\t\t\t\t\t\t\t\t\t\t<\/div>\r\n\t\t\t\t\t\t\t\t\t\t<\/div>\r\n\t\t\t\t\t\t\t\t\t\t\t\t\t\t\t\t\t<\/li>\r\n\t\t\t\t\t\t\t\t\t\t\t\t\t\t\t<li class=\"accordion block\">\r\n\t\t\t\t\t\t\t\t\t\t\t\t\t\t\t\t\t\t\t<div class=\"acc-btn\">\u0647\u0644 \u062a\u0642\u0628\u0644 \u0627\u0644\u062d\u064a\u0648\u0627\u0646\u0627\u062a \u0627\u0644\u0623\u0644\u064a\u0641\u0629\u061f<\/div>\r\n\t\t\t\t\t\t\t\t\t\t\t\t\t\t\t\t\t\t\t\t\t\t\t\t\t\t\t\t<div class=\"acc-content\">\r\n\t\t\t\t\t\t\t\t\t\t\t<div class=\"content\">\r\n\t\t\t\t\t\t\t\t\t\t\t\t<div class=\"text\">\u0646\u062d\u0646 \u0644\u0627 \u0646\u0642\u0628\u0644 \u0623\u0635\u062f\u0642\u0627\u0626\u0646\u0627 \u0627\u0644\u062d\u064a\u0648\u0627\u0646\u0627\u062a \u0627\u0644\u0623\u0644\u064a\u0641\u0629 \u0641\u064a \u0627\u0644\u0641\u0646\u062f\u0642.<\/div>\r\n\t\t\t\t\t\t\t\t\t\t\t<\/div>\r\n\t\t\t\t\t\t\t\t\t\t<\/div>\r\n\t\t\t\t\t\t\t\t\t\t\t\t\t\t\t\t\t<\/li>\r\n\t\t\t\t\t\t\t\t\t\t\t\t\t\t\t<li class=\"accordion block\">\r\n\t\t\t\t\t\t\t\t\t\t\t\t\t\t\t\t\t\t\t<div class=\"acc-btn\">\u0647\u0644 \u0644\u062f\u064a\u0643 \u063a\u0631\u0641 \u0644\u0644\u0645\u062f\u062e\u0646\u064a\u0646\u061f<\/div>\r\n\t\t\t\t\t\t\t\t\t\t\t\t\t\t\t\t\t\t\t\t\t\t\t\t\t\t\t\t<div class=\"acc-content\">\r\n\t\t\t\t\t\t\t\t\t\t\t<div class=\"content\">\r\n\t\t\t\t\t\t\t\t\t\t\t\t<div class=\"text\">\u0644\u062f\u064a\u0646\u0627 \u062e\u064a\u0627\u0631 \u0645\u0646 \u063a\u0631\u0641 \u0627\u0644\u0645\u062f\u062e\u0646\u064a\u0646<\/div>\r\n\t\t\t\t\t\t\t\t\t\t\t<\/div>\r\n\t\t\t\t\t\t\t\t\t\t<\/div>\r\n\t\t\t\t\t\t\t\t\t\t\t\t\t\t\t\t\t<\/li>\r\n\t\t\t\t\t\t\t\t\t\t\t\t\t\t\t<li class=\"accordion block\">\r\n\t\t\t\t\t\t\t\t\t\t\t\t\t\t\t\t\t\t\t<div class=\"acc-btn\">\u0647\u0644 \u0644\u062f\u064a\u0643 \u062e\u0632\u0646\u0629 \u0641\u064a \u0627\u0644\u063a\u0631\u0641\u0629\u061f<\/div>\r\n\t\t\t\t\t\t\t\t\t\t\t\t\t\t\t\t\t\t\t\t\t\t\t\t\t\t\t\t<div class=\"acc-content\">\r\n\t\t\t\t\t\t\t\t\t\t\t<div class=\"content\">\r\n\t\t\t\t\t\t\t\t\t\t\t\t<div class=\"text\">\u0644\u062f\u064a\u0646\u0627 \u062e\u062f\u0645\u0629 \u0635\u0646\u062f\u0648\u0642 \u0622\u0645\u0646 \u062d\u064a\u062b \u064a\u0645\u0643\u0646\u0643 \u062a\u0639\u064a\u064a\u0646 \u0643\u0644\u0645\u0629 \u0627\u0644\u0645\u0631\u0648\u0631 \u0628\u0646\u0641\u0633\u0643 \u0641\u064a \u0627\u0644\u063a\u0631\u0641\u0629.<\/div>\r\n\t\t\t\t\t\t\t\t\t\t\t<\/div>\r\n\t\t\t\t\t\t\t\t\t\t<\/div>\r\n\t\t\t\t\t\t\t\t\t\t\t\t\t\t\t\t\t<\/li>\r\n\t\t\t\t\t\t\t\t\t\t\t\t\t\t\t<li class=\"accordion block\">\r\n\t\t\t\t\t\t\t\t\t\t\t\t\t\t\t\t\t\t\t<div class=\"acc-btn\">\u0647\u0644 \u0644\u062f\u064a\u0643 \u062e\u062f\u0645\u0629 \u0633\u0631\u064a\u0631 \u0625\u0636\u0627\u0641\u064a \u0644\u0644\u0623\u0637\u0641\u0627\u0644\u061f<\/div>\r\n\t\t\t\t\t\t\t\t\t\t\t\t\t\t\t\t\t\t\t\t\t\t\t\t\t\t\t\t<div class=\"acc-content\">\r\n\t\t\t\t\t\t\t\t\t\t\t<div class=\"content\">\r\n\t\t\t\t\t\t\t\t\t\t\t\t<div class=\"text\">\u0646\u0639\u0645 \u060c \u064a\u0633\u0639\u062f\u0646\u0627 \u0645\u0633\u0627\u0639\u062f\u062a\u0643 \u0625\u0630\u0627 \u0623\u062e\u0628\u0631\u062a\u0646\u0627 \u0623\u062b\u0646\u0627\u0621 \u0639\u0645\u0644\u064a\u0629 \u0627\u0644\u062d\u062c\u0632 \u0623\u0648 \u0639\u0645\u0644\u064a\u0629 \u062a\u0633\u062c\u064a\u0644 \u0627\u0644\u0648\u0635\u0648\u0644.<\/div>\r\n\t\t\t\t\t\t\t\t\t\t\t<\/div>\r\n\t\t\t\t\t\t\t\t\t\t<\/div>\r\n\t\t\t\t\t\t\t\t\t\t\t\t\t\t\t\t\t<\/li>\r\n\t\t\t\t\t\t\t\t\t\t\t\t\t<\/ul>\r\n\t\t\t\t\t<\/div>\r\n\t\t\t\t<\/div>\r\n\t\t\t<\/div>\r\n\t\t<\/section>\r\n\r\n\t\t\t<\/div>\n\t\t\t\t<\/div>\n\t\t\t\t\t<\/div>\n\t\t<\/div>\n\t\t\t\t\t\t\t<\/div>\n\t\t<\/section>\n\t\t\t\t\t\t\t<\/div>\n\t\t","protected":false},"excerpt":{"rendered":"<p>Hallmark Hotel &amp; Spa \u0644\u0627\u062a\u0635\u0627\u0644\u0627\u062a Hallmark Hotel &amp; Spa \u0628\u0635\u0641\u062a\u0646\u0627 \u0641\u0646\u062f\u0642 \u0648\u0633\u0628\u0627 \u0647\u0648\u0644\u0645\u0627\u0631\u0643 \u060c \u0641\u0625\u0646 \u0622\u0631\u0627\u0626\u0643 \u0648\u0623\u0641\u0643\u0627\u0631\u0643 \u0645\u0647\u0645\u0629 \u062c\u062f\u0627 \u0628\u0627\u0644\u0646\u0633\u0628\u0629 \u0644\u0646\u0627 \u060c \u064a\u0645\u0643\u0646\u0643 \u0627\u0644\u0627\u062a\u0635\u0627\u0644 \u0628\u0641\u0631\u064a\u0642\u0646\u0627 \u0627\u0644\u0630\u064a \u064a\u062e\u062f\u0645 24\/7 \u0641\u064a \u0623\u064a \u0648\u0642\u062a. \u062d\u062c\u0632 91 00 291 0212 \u0641\u0627\u0643\u0633 91 44 291 0212 \u0627\u0644\u0628\u0631\u064a\u062f \u0627\u0644\u0627\u0644\u0643\u062a\u0631\u0648\u0646\u0649 info@hallmarkhotelspa.com \u0627\u0644\u0639\u0646\u0648\u0627\u0646 Me\u015frutiyet Mahallesi Matbaac\u0131 Osmanbey Sokak No 30 \u015ei\u015fli Istanbul \u0643\u062a\u0628 [&hellip;]<\/p>\n","protected":false},"author":1,"featured_media":0,"parent":0,"menu_order":0,"comment_status":"closed","ping_status":"closed","template":"page-templates\/home.php","meta":{"footnotes":""},"class_list":["post-3082","page","type-page","status-publish","hentry"],"_links":{"self":[{"href":"https:\/\/hallmarkhotelspa.com\/ar\/wp-json\/wp\/v2\/pages\/3082","targetHints":{"allow":["GET"]}}],"collection":[{"href":"https:\/\/hallmarkhotelspa.com\/ar\/wp-json\/wp\/v2\/pages"}],"about":[{"href":"https:\/\/hallmarkhotelspa.com\/ar\/wp-json\/wp\/v2\/types\/page"}],"author":[{"embeddable":true,"href":"https:\/\/hallmarkhotelspa.com\/ar\/wp-json\/wp\/v2\/users\/1"}],"replies":[{"embeddable":true,"href":"https:\/\/hallmarkhotelspa.com\/ar\/wp-json\/wp\/v2\/comments?post=3082"}],"version-history":[{"count":31,"href":"https:\/\/hallmarkhotelspa.com\/ar\/wp-json\/wp\/v2\/pages\/3082\/revisions"}],"predecessor-version":[{"id":4509,"href":"https:\/\/hallmarkhotelspa.com\/ar\/wp-json\/wp\/v2\/pages\/3082\/revisions\/4509"}],"wp:attachment":[{"href":"https:\/\/hallmarkhotelspa.com\/ar\/wp-json\/wp\/v2\/media?parent=3082"}],"curies":[{"name":"wp","href":"https:\/\/api.w.org\/{rel}","templated":true}]}}