{"id":3439,"date":"2022-04-29T02:49:49","date_gmt":"2022-04-29T02:49:49","guid":{"rendered":"https:\/\/hallmarkhotelspa.com\/about-us\/"},"modified":"2023-08-21T18:30:52","modified_gmt":"2023-08-21T18:30:52","slug":"about-us","status":"publish","type":"page","link":"https:\/\/hallmarkhotelspa.com\/en\/about-us\/","title":{"rendered":"About us"},"content":{"rendered":"\t\t<div data-elementor-type=\"wp-page\" data-elementor-id=\"3439\" class=\"elementor elementor-3439 elementor-76\">\n\t\t\t\t\t\t\t\t\t<section class=\"elementor-section elementor-top-section elementor-element elementor-element-a5ea5a6 elementor-section-full_width elementor-section-height-default elementor-section-height-default\" data-id=\"a5ea5a6\" data-element_type=\"section\">\n\t\t\t\t\t\t<div class=\"elementor-container elementor-column-gap-no\">\n\t\t\t\t\t<div class=\"elementor-column elementor-col-100 elementor-top-column elementor-element elementor-element-40a22b6\" data-id=\"40a22b6\" data-element_type=\"column\">\n\t\t\t<div class=\"elementor-widget-wrap elementor-element-populated\">\n\t\t\t\t\t\t\t\t<div class=\"elementor-element elementor-element-0790f65 elementor-align-left elementor-widget elementor-widget-pages-banner\" data-id=\"0790f65\" data-element_type=\"widget\" data-widget_type=\"pages-banner.default\">\n\t\t\t\t<div class=\"elementor-widget-container\">\n\t\t\t\r\n\t\t\t\t<div class=\"banner-header section-padding valign bg-img bg-fixed\" data-overlay-dark=\"4\" data-background=\"http:\/\/hallmarkhotelspa.com\/wp-content\/uploads\/2023\/08\/G0A2440-copy-min-scaled.jpg\">\r\n\t\t\t\t\t<div class=\"container\">\r\n\t\t\t\t<div class=\"row\">\r\n\t\t\t\t\t<div class=\"col-md-12 caption mt-90\">\r\n\t\t\t\t\t\t\t\t\t\t\t\t<h5>Hallmark Hotel &amp; Spa<\/h5>\r\n\t\t\t\t\t\t\t\t\t\t\t\t\t\t\t\t\t\t<h1>About Us<\/h1>\r\n\t\t\t\t\t\t\t\t\t\t\t<\/div>\r\n\t\t\t\t<\/div>\r\n\t\t\t<\/div>\r\n\t\t<\/div>\r\n\r\n\t\t\t<\/div>\n\t\t\t\t<\/div>\n\t\t\t\t\t<\/div>\n\t\t<\/div>\n\t\t\t\t\t\t\t<\/div>\n\t\t<\/section>\n\t\t\t\t<section class=\"elementor-section elementor-top-section elementor-element elementor-element-aa3fb66 elementor-section-full_width elementor-section-height-default elementor-section-height-default\" data-id=\"aa3fb66\" data-element_type=\"section\">\n\t\t\t\t\t\t<div class=\"elementor-container elementor-column-gap-no\">\n\t\t\t\t\t<div class=\"elementor-column elementor-col-100 elementor-top-column elementor-element elementor-element-f447207\" data-id=\"f447207\" data-element_type=\"column\">\n\t\t\t<div class=\"elementor-widget-wrap elementor-element-populated\">\n\t\t\t\t\t\t\t\t<section class=\"elementor-section elementor-inner-section elementor-element elementor-element-51a1f59 elementor-section-boxed elementor-section-height-default elementor-section-height-default\" data-id=\"51a1f59\" data-element_type=\"section\">\n\t\t\t\t\t\t<div class=\"elementor-container elementor-column-gap-default\">\n\t\t\t\t\t<div class=\"elementor-column elementor-col-100 elementor-inner-column elementor-element elementor-element-a0ed592\" data-id=\"a0ed592\" data-element_type=\"column\">\n\t\t\t<div class=\"elementor-widget-wrap elementor-element-populated\">\n\t\t\t\t\t\t\t\t<div class=\"elementor-element elementor-element-3e47ce3 elementor-widget elementor-widget-spacer\" data-id=\"3e47ce3\" data-element_type=\"widget\" data-widget_type=\"spacer.default\">\n\t\t\t\t<div class=\"elementor-widget-container\">\n\t\t\t<style>\/*! elementor - v3.11.5 - 14-03-2023 *\/\n.elementor-column .elementor-spacer-inner{height:var(--spacer-size)}.e-con{--container-widget-width:100%}.e-con-inner>.elementor-widget-spacer,.e-con>.elementor-widget-spacer{width:var(--container-widget-width,var(--spacer-size));--align-self:var(--container-widget-align-self,initial);--flex-shrink:0}.e-con-inner>.elementor-widget-spacer>.elementor-widget-container,.e-con-inner>.elementor-widget-spacer>.elementor-widget-container>.elementor-spacer,.e-con>.elementor-widget-spacer>.elementor-widget-container,.e-con>.elementor-widget-spacer>.elementor-widget-container>.elementor-spacer{height:100%}.e-con-inner>.elementor-widget-spacer>.elementor-widget-container>.elementor-spacer>.elementor-spacer-inner,.e-con>.elementor-widget-spacer>.elementor-widget-container>.elementor-spacer>.elementor-spacer-inner{height:var(--container-widget-height,var(--spacer-size))}<\/style>\t\t<div class=\"elementor-spacer\">\n\t\t\t<div class=\"elementor-spacer-inner\"><\/div>\n\t\t<\/div>\n\t\t\t\t<\/div>\n\t\t\t\t<\/div>\n\t\t\t\t<div class=\"elementor-element elementor-element-b7d73e1 elementor-widget elementor-widget-text-editor\" data-id=\"b7d73e1\" data-element_type=\"widget\" data-widget_type=\"text-editor.default\">\n\t\t\t\t<div class=\"elementor-widget-container\">\n\t\t\t<style>\/*! elementor - v3.11.5 - 14-03-2023 *\/\n.elementor-widget-text-editor.elementor-drop-cap-view-stacked .elementor-drop-cap{background-color:#818a91;color:#fff}.elementor-widget-text-editor.elementor-drop-cap-view-framed .elementor-drop-cap{color:#818a91;border:3px solid;background-color:transparent}.elementor-widget-text-editor:not(.elementor-drop-cap-view-default) .elementor-drop-cap{margin-top:8px}.elementor-widget-text-editor:not(.elementor-drop-cap-view-default) .elementor-drop-cap-letter{width:1em;height:1em}.elementor-widget-text-editor .elementor-drop-cap{float:left;text-align:center;line-height:1;font-size:50px}.elementor-widget-text-editor .elementor-drop-cap-letter{display:inline-block}<\/style>\t\t\t\t<h5>Hallmark Hotel &amp; Spa<\/h5><h1><strong>About Us<\/strong><\/h1><p>Located in Ni\u015fanta\u015f\u0131, the center of shopping and entertainment, Hallmark Hotel &amp; Spa offers its guests a privileged accommodation experience with a capacity of 51 rooms, including 3 Premium Terrace rooms, 3 Superior Terrace rooms, 20 Superior rooms and 25 Deluxe rooms. In addition, our hotel has a cinema with a capacity of 51 people, a seminar room and a meeting room for 12 people so that our guests can organize their meetings.<\/p><p>Equipped with the latest technology, Hallmark Hotel &amp; Spa also offers its guests open buffet breakfast, 24\/7 room service, fast check-out, fiber internet, meeting rooms, restaurant, Turkish bath, steam room, salt room and sauna services.<\/p><p>Located in the center of Istanbul, our hotel is 100m to Osmanbey metro station, 500m to City&#8217;s Shopping Center, 1km to Cevhari Shopping Center, 1.5km to Taksim Square and within walking distance to L\u00fctfi K\u0131rdar and Hilton, which are the known congress centers of Istanbul. Our hotel is 32 km from Sabiha G\u00f6k\u00e7en Airport and 33 km from Istanbul Airport.<\/p>\t\t\t\t\t\t<\/div>\n\t\t\t\t<\/div>\n\t\t\t\t<div class=\"elementor-element elementor-element-443854a elementor-widget elementor-widget-html\" data-id=\"443854a\" data-element_type=\"widget\" data-widget_type=\"html.default\">\n\t\t\t\t<div class=\"elementor-widget-container\">\n\t\t\t<div class=\"row\">\n                <div class=\"col-md-6\">\n                    <h5>Entrance<\/h5>\n                    <ul class=\"list-unstyled page-list mb-30\">\n                        <li>\n                            <div class=\"page-list-icon\"> <span class=\"ti-check\"><\/span> <\/div>\n                            <div class=\"page-list-text\">\n                                <p>Hotel Check-in 14:00 - After<\/p>\n                            <\/div>\n                        <\/li>\n                        <li>\n                            <div class=\"page-list-icon\"> <span class=\"ti-check\"><\/span> <\/div>\n                            <div class=\"page-list-text\">\n                                <p>Early check-in subject to availability<\/p>\n                            <\/div>\n                        <\/li>\n                    <\/ul>\n                <\/div>\n                <div class=\"col-md-6\">\n                    <h5>Out<\/h5>\n                    <ul class=\"list-unstyled page-list mb-30\">\n                        <li>\n                            <div class=\"page-list-icon\"> <span class=\"ti-check\"><\/span> <\/div>\n                            <div class=\"page-list-text\">\n                                <p>Hotel Check-out 12:00<\/p>\n                            <\/div>\n                        <\/li>\n                        <li>\n                            <div class=\"page-list-icon\"> <span class=\"ti-check\"><\/span> <\/div>\n                            <div class=\"page-list-text\">\n                                <p>Quick exit possibility<\/p>\n                            <\/div>\n                        <\/li>\n                    <\/ul>\n                <\/div>\n                <div class=\"col-md-12\">\n                    <h5>Pet<\/h5>\n                    <p>Pets are not allowed in our facility.<\/p>\n                <\/div>\n                <div class=\"col-md-12\">\n                    <h5>Extra Beds<\/h5>\n                    <p>We have an extra bed service for our children's guests or bed needs.<\/p>\n                <\/div>\n                \n            <\/div>\t\t<\/div>\n\t\t\t\t<\/div>\n\t\t\t\t<div class=\"elementor-element elementor-element-5e2ab44 elementor-widget elementor-widget-spacer\" data-id=\"5e2ab44\" data-element_type=\"widget\" data-widget_type=\"spacer.default\">\n\t\t\t\t<div class=\"elementor-widget-container\">\n\t\t\t\t\t<div class=\"elementor-spacer\">\n\t\t\t<div class=\"elementor-spacer-inner\"><\/div>\n\t\t<\/div>\n\t\t\t\t<\/div>\n\t\t\t\t<\/div>\n\t\t\t\t\t<\/div>\n\t\t<\/div>\n\t\t\t\t\t\t\t<\/div>\n\t\t<\/section>\n\t\t\t\t\t<\/div>\n\t\t<\/div>\n\t\t\t\t\t\t\t<\/div>\n\t\t<\/section>\n\t\t\t\t<section class=\"elementor-section elementor-top-section elementor-element elementor-element-bcf3e34 elementor-section-full_width elementor-section-height-default elementor-section-height-default\" data-id=\"bcf3e34\" data-element_type=\"section\" data-settings=\"{&quot;background_background&quot;:&quot;classic&quot;}\">\n\t\t\t\t\t\t\t<div class=\"elementor-background-overlay\"><\/div>\n\t\t\t\t\t\t\t<div class=\"elementor-container elementor-column-gap-no\">\n\t\t\t\t\t<div class=\"elementor-column elementor-col-33 elementor-top-column elementor-element elementor-element-61f8284\" data-id=\"61f8284\" data-element_type=\"column\">\n\t\t\t<div class=\"elementor-widget-wrap\">\n\t\t\t\t\t\t\t\t\t<\/div>\n\t\t<\/div>\n\t\t\t\t<div class=\"elementor-column elementor-col-33 elementor-top-column elementor-element elementor-element-3c45878\" data-id=\"3c45878\" data-element_type=\"column\">\n\t\t\t<div class=\"elementor-widget-wrap elementor-element-populated\">\n\t\t\t\t\t\t\t\t<div class=\"elementor-element elementor-element-e39ce4d elementor-widget elementor-widget-spacer\" data-id=\"e39ce4d\" data-element_type=\"widget\" data-widget_type=\"spacer.default\">\n\t\t\t\t<div class=\"elementor-widget-container\">\n\t\t\t\t\t<div class=\"elementor-spacer\">\n\t\t\t<div class=\"elementor-spacer-inner\"><\/div>\n\t\t<\/div>\n\t\t\t\t<\/div>\n\t\t\t\t<\/div>\n\t\t\t\t<div class=\"elementor-element elementor-element-b6a9764 elementor-widget elementor-widget-text-editor\" data-id=\"b6a9764\" data-element_type=\"widget\" data-widget_type=\"text-editor.default\">\n\t\t\t\t<div class=\"elementor-widget-container\">\n\t\t\t\t\t\t\t<div class=\"head-box\">\n<h6 style=\"color: white;\">Hallmark Hotel &amp; Spa<\/h6>\n<h4 style=\"color: white;\"><strong>What are we saying?<\/strong><\/h4>\n<div class=\"line\"><\/div>\n<\/div>\n<div class=\"item\">\n<p><span class=\"quote\"><img decoding=\"async\" src=\"img\/quot.png\" alt=\"\"><\/span><\/p>\n<p style=\"margin-top:-10px;color: white;\">We are committed to providing you with a quality and unforgettable service. Our friendly staff, unmatched<br>\nby blending our tastes, our universal quality understanding and Turkish hospitality, we offer you the best of the city.<br>\nWe offer good accommodation service.<\/p>\n<div class=\"info\"><\/div>\n<\/div>\t\t\t\t\t\t<\/div>\n\t\t\t\t<\/div>\n\t\t\t\t<div class=\"elementor-element elementor-element-ec1e2f1 elementor-widget elementor-widget-spacer\" data-id=\"ec1e2f1\" data-element_type=\"widget\" data-widget_type=\"spacer.default\">\n\t\t\t\t<div class=\"elementor-widget-container\">\n\t\t\t\t\t<div class=\"elementor-spacer\">\n\t\t\t<div class=\"elementor-spacer-inner\"><\/div>\n\t\t<\/div>\n\t\t\t\t<\/div>\n\t\t\t\t<\/div>\n\t\t\t\t\t<\/div>\n\t\t<\/div>\n\t\t\t\t<div class=\"elementor-column elementor-col-33 elementor-top-column elementor-element elementor-element-63e50c2\" data-id=\"63e50c2\" data-element_type=\"column\">\n\t\t\t<div class=\"elementor-widget-wrap\">\n\t\t\t\t\t\t\t\t\t<\/div>\n\t\t<\/div>\n\t\t\t\t\t\t\t<\/div>\n\t\t<\/section>\n\t\t\t\t\t\t\t<\/div>\n\t\t","protected":false},"excerpt":{"rendered":"<p>Hallmark Hotel &amp; Spa About Us Hallmark Hotel &amp; SpaAbout UsLocated in Ni\u015fanta\u015f\u0131, the center of shopping and entertainment, Hallmark Hotel &amp; Spa offers its guests a privileged accommodation experience with a capacity of 51 rooms, including 3 Premium Terrace rooms, 3 Superior Terrace rooms, 20 Superior rooms and 25 Deluxe rooms. In addition, our [&hellip;]<\/p>\n","protected":false},"author":1,"featured_media":0,"parent":0,"menu_order":0,"comment_status":"closed","ping_status":"closed","template":"page-templates\/home.php","meta":{"footnotes":""},"class_list":["post-3439","page","type-page","status-publish","hentry"],"_links":{"self":[{"href":"https:\/\/hallmarkhotelspa.com\/en\/wp-json\/wp\/v2\/pages\/3439","targetHints":{"allow":["GET"]}}],"collection":[{"href":"https:\/\/hallmarkhotelspa.com\/en\/wp-json\/wp\/v2\/pages"}],"about":[{"href":"https:\/\/hallmarkhotelspa.com\/en\/wp-json\/wp\/v2\/types\/page"}],"author":[{"embeddable":true,"href":"https:\/\/hallmarkhotelspa.com\/en\/wp-json\/wp\/v2\/users\/1"}],"replies":[{"embeddable":true,"href":"https:\/\/hallmarkhotelspa.com\/en\/wp-json\/wp\/v2\/comments?post=3439"}],"version-history":[{"count":7,"href":"https:\/\/hallmarkhotelspa.com\/en\/wp-json\/wp\/v2\/pages\/3439\/revisions"}],"predecessor-version":[{"id":4592,"href":"https:\/\/hallmarkhotelspa.com\/en\/wp-json\/wp\/v2\/pages\/3439\/revisions\/4592"}],"wp:attachment":[{"href":"https:\/\/hallmarkhotelspa.com\/en\/wp-json\/wp\/v2\/media?parent=3439"}],"curies":[{"name":"wp","href":"https:\/\/api.w.org\/{rel}","templated":true}]}}