{"id":3443,"date":"2022-04-29T02:59:04","date_gmt":"2022-04-29T02:59:04","guid":{"rendered":"https:\/\/hallmarkhotelspa.com\/restaurant\/"},"modified":"2023-08-21T19:18:13","modified_gmt":"2023-08-21T19:18:13","slug":"restaurant","status":"publish","type":"page","link":"https:\/\/hallmarkhotelspa.com\/en\/restaurant\/","title":{"rendered":"Restaurant"},"content":{"rendered":"\t\t<div data-elementor-type=\"wp-page\" data-elementor-id=\"3443\" class=\"elementor elementor-3443 elementor-86\">\n\t\t\t\t\t\t\t\t\t<section class=\"elementor-section elementor-top-section elementor-element elementor-element-199bde5 elementor-section-full_width elementor-section-height-default elementor-section-height-default\" data-id=\"199bde5\" data-element_type=\"section\">\n\t\t\t\t\t\t<div class=\"elementor-container elementor-column-gap-no\">\n\t\t\t\t\t<div class=\"elementor-column elementor-col-100 elementor-top-column elementor-element elementor-element-a9b8ebf\" data-id=\"a9b8ebf\" data-element_type=\"column\">\n\t\t\t<div class=\"elementor-widget-wrap elementor-element-populated\">\n\t\t\t\t\t\t\t\t<div class=\"elementor-element elementor-element-79162d0 elementor-align-center elementor-widget elementor-widget-home-kenburn-slider\" data-id=\"79162d0\" data-element_type=\"widget\" data-widget_type=\"home-kenburn-slider.default\">\n\t\t\t\t<div class=\"elementor-widget-container\">\n\t\t\t\n\t\t<aside class=\"kenburns-section\" id=\"kenburnsSliderContainer\" data-overlay-dark=\"3\">\n\t\t\t<div class=\"kenburns-inner h-100\">\n\t\t\t\t<div class=\"v-middle caption text-center\">\n\t\t\t\t\t<div class=\"container\">\n\t\t\t\t\t\t<div class=\"row h-100\">\n\t\t\t\t\t\t\t<div class=\"col-md-12\"> <span>\n\t\t\t\t\t\t\t\t\t\t\t\t\t\t\t\t\t<i class=\"star-rating\"><\/i>\n\t\t\t\t\t\t\t\t\t<i class=\"star-rating\"><\/i>\n\t\t\t\t\t\t\t\t\t<i class=\"star-rating\"><\/i>\n\t\t\t\t\t\t\t\t\t<i class=\"star-rating\"><\/i>\n\t\t\t\t\t\t\t\t\t<i class=\"star-rating\"><\/i>\n\t\t\t\t\t\t\t\t\t\t\t\t\t\t\t<\/span>\n\t\t\t\t\t\t\t\t\t\t\t\t\t\t<h4>Hallmark Restaurant<\/h4>\n\t\t\t\t\t\t\t\t\t\t\t\t\t\t\t\t\t\t\t\t\t<h1>The best flavors of the city<\/h1>\n\t\t\t\t\t\t\t\t\t\t\t\t\t\t\t\t\t\t\t\t<\/div>\n\t\t\t\t\t<\/div>\n\t\t\t\t<\/div>\n\t\t\t<\/div>\n\t\t<\/div>\n\t\t<!-- reservation -->\n\t\t\n            <!-- arrow down -->\n            <div class=\"arrow bounce text-center\">\n                <a href=\"#\" data-scroll-nav=\"1\" class=\"\"> <i class=\"ti-arrow-down\"><\/i> <\/a>\n            <\/div>\n\n        <\/aside>\n\t\n\n      <input type=\"text\" style=\"display:none\" id='res1' value=\"http:\/\/hallmarkhotelspa.com\/wp-content\/uploads\/2023\/07\/r12-min-scaled.jpg\">\n      <input type=\"text\" style=\"display:none\" id='res2' value=\"http:\/\/hallmarkhotelspa.com\/wp-content\/uploads\/2023\/07\/r3-min-scaled.jpg\">\n      <input type=\"text\" style=\"display:none\" id='res3' value=\"http:\/\/hallmarkhotelspa.com\/wp-content\/uploads\/2023\/07\/r11-min-scaled.jpg\">\n    <!-- Booking Search -->\n    \t\t\t<\/div>\n\t\t\t\t<\/div>\n\t\t\t\t\t<\/div>\n\t\t<\/div>\n\t\t\t\t\t\t\t<\/div>\n\t\t<\/section>\n\t\t\t\t<section class=\"elementor-section elementor-top-section elementor-element elementor-element-f75261f elementor-section-full_width elementor-section-height-default elementor-section-height-default\" data-id=\"f75261f\" data-element_type=\"section\">\n\t\t\t\t\t\t<div class=\"elementor-container elementor-column-gap-no\">\n\t\t\t\t\t<div class=\"elementor-column elementor-col-100 elementor-top-column elementor-element elementor-element-003bdf4\" data-id=\"003bdf4\" data-element_type=\"column\">\n\t\t\t<div class=\"elementor-widget-wrap elementor-element-populated\">\n\t\t\t\t\t\t\t\t<div class=\"elementor-element elementor-element-b9f6e29 elementor-align-left elementor-widget elementor-widget-pages-restaurant-content\" data-id=\"b9f6e29\" data-element_type=\"widget\" data-widget_type=\"pages-restaurant-content.default\">\n\t\t\t\t<div class=\"elementor-widget-container\">\n\t\t\t\r\n\t\t<section class=\"rooms-page section-padding\" data-scroll-index=\"1\">\r\n\t\t\t<div class=\"container\">\r\n\t\t\t\t<div class=\"row\">\r\n\t\t\t\t\t<div class=\"col-md-12 text-left\"> \r\n\t\t\t\t\t\t<span>\r\n\t\t\t\t\t\t\t\t\t\t\t\t\t\t\t<i class=\"star-rating\"><\/i>\r\n\t\t\t\t\t\t\t\t<i class=\"star-rating\"><\/i>\r\n\t\t\t\t\t\t\t\t<i class=\"star-rating\"><\/i>\r\n\t\t\t\t\t\t\t\t<i class=\"star-rating\"><\/i>\r\n\t\t\t\t\t\t\t\t<i class=\"star-rating\"><\/i>\r\n\t\t\t\t\t\t\t\t\t\t\t\t\t<\/span>\r\n\t\t\t\t\t\t\t\t\t\t\t\t\t\t\t\t\t\t\t<div class=\"section-title\">Hallmark Restaurant<\/div>\r\n\t\t\t\t\t\t\t\t\t\t\t<\/div>\r\n\t\t\t\t\t<div class=\"col-md-12\">\r\n\t\t\t\t\t\t\t\t\t\t\t\t<p class=\"mb-30\">Hallmark Restaurant is famous for its excellent cuisine and unique ambiance. The menu showcases the influences of Turkish Cuisine, with a tempting selection of classic favorites and creative dishes. We offer the best flavors of the city in our restaurant, where our Master Chefs can introduce you to some of Istanbul's greatest culinary treasures.<\/p>\n<h6>Service Times<\/h6>\n<ul class=\"list-unstyled page-list mb-30\">\n\t<li>\n\t\t<div class=\"page-list-icon\"> <span class=\"ti-time\"><\/span> <\/div>\n\t\t<div class=\"page-list-text\">\n\t\t\t<p>Breakfast: 7:00 \u2013 10:30 <\/p>\n\t\t<\/div>\n\t<\/li>\n\t<li>\n\t\t<div class=\"page-list-icon\"> <span class=\"ti-time\"><\/span> <\/div>\n\t\t<div class=\"page-list-text\">\n\t\t\t<p>12:00 - 22:30<\/p>\n\t\t<\/div>\n\t<\/li>\n\t<li>\n\t\t\n\t<\/li>\n<\/ul>\n\t\t\t\t\t\t\t\t\t\t\t\t<ul class=\"list-unstyled page-list mb-30\">\r\n\t\t\t\t\t\t\t\t\t\t\t\t\t<\/ul>\r\n\t\t\t\t\t<\/div>\r\n\t\t\t\t<\/div>\r\n\t\t\t<\/div>\r\n\t\t<\/section>\r\n\r\n\t\t\t<\/div>\n\t\t\t\t<\/div>\n\t\t\t\t\t<\/div>\n\t\t<\/div>\n\t\t\t\t\t\t\t<\/div>\n\t\t<\/section>\n\t\t\t\t<section class=\"elementor-section elementor-top-section elementor-element elementor-element-bf1f030 elementor-section-full_width elementor-section-height-default elementor-section-height-default\" data-id=\"bf1f030\" data-element_type=\"section\">\n\t\t\t\t\t\t<div class=\"elementor-container elementor-column-gap-no\">\n\t\t\t\t\t<div class=\"elementor-column elementor-col-100 elementor-top-column elementor-element elementor-element-cb5b783\" data-id=\"cb5b783\" data-element_type=\"column\">\n\t\t\t<div class=\"elementor-widget-wrap elementor-element-populated\">\n\t\t\t\t\t\t\t\t<div class=\"elementor-element elementor-element-4c8cf75 elementor-align-left elementor-widget elementor-widget-pages-restaurant-menu\" data-id=\"4c8cf75\" data-element_type=\"widget\" data-widget_type=\"pages-restaurant-menu.default\">\n\t\t\t\t<div class=\"elementor-widget-container\">\n\t\t\t\r\n\t\t<section id=\"menu\" class=\"restaurant-menu menu section-padding bg-black\">\r\n\t\t\t<div class=\"container\">\r\n\t\t\t\t<div class=\"row\">\r\n\t\t\t\t\t<div class=\"col-md-12 text-center\">\r\n\t\t\t\t\t\t\t\t\t\t\t\t<div class=\"section-subtitle\"><span>Hallmark Restoran<\/span><\/div>\r\n\t\t\t\t\t\t\t\t\t\t\t\t\t\t\t<div class=\"section-title\"><span>Menu<\/span><\/div>\r\n\t\t\t\t\t\t\t<\/div>\r\n\t\t<\/div>\r\n\t\t<div class=\"row\">\r\n\t\t\t<div class=\"col-md-12\">\r\n\t\t\t\t<div class=\"row\">\r\n\t\t\t\t\t<div class=\"tabs-icon col-md-10 offset-md-1 text-center\">\r\n\t\t\t\t\t\t<div class=\"owl-carousel owl-theme\">\r\n\t\t\t\t\t\t\t\t\t\t\t\t\t\t\t\t\t\t\t\t\t\t\t\t<div id=\"tab-1\" class=\"active item\">\r\n\t\t\t\t\t\t\t\t\t\t\t\t\t\t\t\t\t\t\t\t\t<h6>Apperetives<\/h6>\r\n\t\t\t\t\t\t\t\t\t\t\t\t\t\t\t\t\t\t\t<\/div>\r\n\t\t\t\t\t\t\t\t\t\t\t\t\t\t\t\t\t\t\t\t\t\t\t\t\t\t\t\t\t\t\t\t\t\t\t<div id=\"tab-2\" class=\"item\">\r\n\t\t\t\t\t\t\t\t\t\t\t\t\t\t\t\t\t\t\t\t\t\t\t<h6>Main Course<\/h6>\r\n\t\t\t\t\t\t\t\t\t\t\t\t\t\t\t\t\t\t\t\t\t<\/div>\r\n\t\t\t\t\t\t\t\t\t\t\t\t\t\t\t\t\t\t\t\t\t\t\t\t\t\t\t\t\t\t\t\t\t\t\t<div id=\"tab-3\" class=\"item\">\r\n\t\t\t\t\t\t\t\t\t\t\t\t\t\t\t\t\t\t\t\t\t\t\t<h6>Salads<\/h6>\r\n\t\t\t\t\t\t\t\t\t\t\t\t\t\t\t\t\t\t\t\t\t<\/div>\r\n\t\t\t\t\t\t\t\t\t\t\t\t\t\t\t\t\t\t\t\t\t\t\t\t\t\t\t\t\t\t\t\t\t\t\t<div id=\"tab-4\" class=\"item\">\r\n\t\t\t\t\t\t\t\t\t\t\t\t\t\t\t\t\t\t\t\t\t\t\t<h6>Beverages<\/h6>\r\n\t\t\t\t\t\t\t\t\t\t\t\t\t\t\t\t\t\t\t\t\t<\/div>\r\n\t\t\t\t\t\t\t\t\t\t\t\t\t\t\t\t\t\t\t\t\t\t\t\t\t\t\t\t\t\t\t\t\t\t\t<div id=\"tab-5\" class=\"item\">\r\n\t\t\t\t\t\t\t\t\t\t\t\t\t\t\t\t\t\t\t\t\t\t\t<h6>Desserts<\/h6>\r\n\t\t\t\t\t\t\t\t\t\t\t\t\t\t\t\t\t\t\t\t\t<\/div>\r\n\t\t\t\t\t\t\t\t\t\t\t\t\t\t\t\t\t\t\t\t\t\t\t\t<\/div>\r\n\t\t\t\t\t\t<\/div>\r\n\t\t\t\t\t\t<div class=\"restaurant-menu-content col-md-12\">\r\n\t\t\t\t\t\t\t<!-- Starters -->\r\n\t\t\t\t\t\t\t\t\t\t\t\t\t\t\t\t\t\t\t\t\t\t\t\t<div id=\"tab-1-content\" class=\"cont active\">\r\n\t\t\t\t\t\t\t\t\t\t\t\t\t\t\t\t\t\t\t\t\t<div class=\"row\">\r\n\t\t\t\t\t\t\t\t\t\t\t\t<div class=\"col-md-5\">\r\n\t\t\t\t\t\t\t\t\t\t\t\t\t\t\t\t\t\t\t\t\t\t\t\t\t\t\t<div class=\"menu-info\">\n                                            <h5>Mozzarella Dippers <span class=\"price\"><\/span><\/h5>\n                                            <p>K\u0131zarm\u0131\u015f mozzarella \u00e7ubuklar\u0131, marinara sosu<\/p>\n                                        <\/div>\n<div class=\"menu-info\">\n                                            <h5>So\u011fan Halkas\u0131 <span class=\"price\"><\/span><\/h5>\n                                            <p>K\u0131zarm\u0131\u015f so\u011fan halkas\u0131, t\u00fcts\u00fclenmi\u015f aioli<\/p>\n                                        <\/div><div class=\"menu-info\">\n                                            <h5>K\u0131zarm\u0131\u015f Jalapeno <span class=\"price\"><\/span><\/h5>\n                                            <p>K\u0131zarm\u0131\u015f jalapeno tur\u015fusu, cheddar sos<\/p>\n                                        <\/div>\t\t\t\t\t\t\t\t\t\t\t\t\t\t\t\t\t\t\t\t\t\t\t\t\t<\/div>\r\n\t\t\t\t\t\t\t\t\t\t\t\t<div class=\"col-md-5 offset-md-2\">\r\n\t\t\t\t\t\t\t\t\t\t\t\t\t\t\t\t\t\t\t\t\t\t\t\t\t\t\t<div class=\"menu-info\">\n                                            <h5>Buffalo Kanatlar\u0131 <span class=\"price\"><\/span><\/h5>\n                                            <p>Baharatl\u0131 tavuk kanad\u0131, blue cheese sos, havu\u00e7, kereviz<\/p>\n                                        <\/div>\n<div class=\"menu-info\">\n                                            <h5>Biberli Con Carne <span class=\"price\"><\/span><\/h5>\n                                            <p>Baharatl\u0131 k\u0131yma, past\u0131rma, barbunya<\/p>\n                                        <\/div>\n<div class=\"menu-info\">\n                                            <h5>Patates Kabuklar\u0131 <span class=\"price\"><\/span><\/h5>\n                                            <p>\u00c7\u0131t\u0131r patates kabuklar\u0131, past\u0131rma ve \u00e7edar veya sebze<\/p>\n                                        <\/div>\t\t\t\t\t\t\t\t\t\t\t\t\t\t\t\t\t\t\t\t\t\t\t\t\t<\/div>\r\n\t\t\t\t\t\t\t\t\t\t\t<\/div>\r\n\t\t\t\t\t\t\t\t\t\t<\/div>\r\n\t\t\t\t\t\t\t\t\t\t<!-- Salads -->\r\n\t\t\t\t\t\t\t\t\t\t\t\t\t\t\t\t\t\t\t\t\t\t\t\t\t\t\t\t<div id=\"tab-2-content\" class=\"cont\">\r\n\t\t\t\t\t\t\t\t\t\t\t\t\t\t\t\t\t\t\t\t\t\t<div class=\"row\">\r\n\t\t\t\t\t\t\t\t\t\t\t\t<div class=\"col-md-5\">\r\n\t\t\t\t\t\t\t\t\t\t\t\t\t\t\t\t\t\t\t\t\t\t\t\t\t\t\t\n                                        <div class=\"menu-info\">\n                                            <h5>Hallmark Burger <span class=\"price\"><\/span><\/h5>\n                                            <p>F\u00fcme \u00e7ekilmi\u015f dana kaburga, bbq sos, cheddar peyniri, \u00e7\u0131t\u0131r so\u011fan<\/p>\n                                        <\/div>\n                                        <div class=\"menu-info\">\n                                            <h5>Cajun Bal\u0131k Biftek <span class=\"price\"><\/span><\/h5>\n                                            <p>Cajun baharatl\u0131 levrek, derin ya\u011fda k\u0131zart\u0131lm\u0131\u015f baby patates, salata<\/p>\n                                        <\/div>\n                                        <div class=\"menu-info\">\n                                            <h5>Southern K\u0131zarm\u0131\u015f Tavuk <span class=\"price\"><\/span><\/h5>\n                                            <p>Cajun kapl\u0131 tavuk g\u00f6\u011fs\u00fc, patates k\u0131zartmas\u0131 ve ball\u0131 hardal<\/p>\n                                        <\/div>\n                                \t\t\t\t\t\t\t\t\t\t\t\t\t\t\t\t\t\t\t\t\t\t\t\t\t<\/div>\r\n\t\t\t\t\t\t\t\t\t\t\t\t<div class=\"col-md-5 offset-md-2\">\r\n\t\t\t\t\t\t\t\t\t\t\t\t\t\t\t\t\t\t\t\t\t\t\t\t\t\t\t\n                                        <div class=\"menu-info\">\n                                            <h5>Yenge\u00e7 Kek <span class=\"price\"><\/span><\/h5>\n                                            <p>Panelenmi\u015f yenge\u00e7 kekleri, tartar sos, elma ve rezene salatas\u0131<\/p>\n                                        <\/div>\n                                        <div class=\"menu-info\">\n                                            <h5>S\u0131rt Kaburgas\u0131 <span class=\"price\"><\/span><\/h5>\n                                            <p>Barbek\u00fc kaburga, lahana salatas\u0131, patates k\u0131zartmas\u0131<\/p>\n                                        <\/div>\n                                        <div class=\"menu-info\">\n                                            <h5>Smokehouse Combo <span class=\"price\"><\/span><\/h5>\n                                            <p>F\u00fcme dana d\u00f6\u015f, kaburga ve sosis, coleslaw, m\u0131s\u0131r ekme\u011fi<\/p>\n                                        <\/div>\n\t\t\t\t\t\t\t\t\t\t\t\t\t\t\t\t\t\t\t\t\t\t\t\t\t<\/div>\r\n\t\t\t\t\t\t\t\t\t\t\t<\/div>\r\n\t\t\t\t\t\t\t\t\t\t<\/div>\r\n\t\t\t\t\t\t\t\t\t\t<!-- Salads -->\r\n\t\t\t\t\t\t\t\t\t\t\t\t\t\t\t\t\t\t\t\t\t\t\t\t\t\t\t\t<div id=\"tab-3-content\" class=\"cont\">\r\n\t\t\t\t\t\t\t\t\t\t\t\t\t\t\t\t\t\t\t\t\t\t<div class=\"row\">\r\n\t\t\t\t\t\t\t\t\t\t\t\t<div class=\"col-md-5\">\r\n\t\t\t\t\t\t\t\t\t\t\t\t\t\t\t\t\t\t\t\t\t\t\t\t\t\t\t\n                                        <div class=\"menu-info\">\n                                            <h5>Ceaser Salatas\u0131 <span class=\"price\"><\/span><\/h5>\n                                            <p>Romaine marul, kruton, parmesan, Ceaser sos.<\/p>\n                                        <\/div>\n                                        <div class=\"menu-info\">\n                                            <h5>Waldorf Salatas\u0131 <span class=\"price\"><\/span><\/h5>\n                                            <p>Marul, kereviz, elma, \u00fcz\u00fcm, ceviz, waldorf sos<\/p>\n                                        <\/div>\n                                        <div class=\"menu-info\">\n                                            <h5>Kinoa ve Avokado Salatas\u0131 <span class=\"price\"><\/span><\/h5>\n                                            <p>Kinoa, avokado, kar\u0131\u015f\u0131k ye\u015fillikler. F\u0131nd\u0131k, kuru ve taze meyveler<\/p>\n                                        <\/div>\n\t\t\t\t\t\t\t\t\t\t\t\t\t\t\t\t\t\t\t\t\t\t\t\t\t<\/div>\r\n\t\t\t\t\t\t\t\t\t\t\t\t<div class=\"col-md-5 offset-md-2\">\r\n\t\t\t\t\t\t\t\t\t\t\t\t\t\t\t\t\t\t\t\t\t\t\t\t\t\t\t\n                                        <div class=\"menu-info\">\n                                            <h5>Izgara Somon Salatas\u0131 <span class=\"price\"><\/span><\/h5>\n                                            <p>Izgara somon, kar\u0131\u015f\u0131k ye\u015fillik, kapari, portakal dilimleri<\/p>\n                                        <\/div>\n                                        <div class=\"menu-info\">\n                                            <h5>Tavuk Cobb Salatas\u0131 <span class=\"price\"><\/span><\/h5>\n                                            <p>Iceberg marul, \u00e7eri domates, mavi peynir, avokado, past\u0131rma<\/p>\n                                        <\/div>\n                                        <div class=\"menu-info\">\n                                            <h5>Tavuk Salatas\u0131 <span class=\"price\"><\/span><\/h5>\n                                            <p> Sezar Salata. \u0130ste\u011fe ba\u011fl\u0131 \u0131zgara tavuk g\u00f6\u011fs\u00fc<\/p>\n                                        <\/div>\n\t\t\t\t\t\t\t\t\t\t\t\t\t\t\t\t\t\t\t\t\t\t\t\t\t<\/div>\r\n\t\t\t\t\t\t\t\t\t\t\t<\/div>\r\n\t\t\t\t\t\t\t\t\t\t<\/div>\r\n\t\t\t\t\t\t\t\t\t\t<!-- Salads -->\r\n\t\t\t\t\t\t\t\t\t\t\t\t\t\t\t\t\t\t\t\t\t\t\t\t\t\t\t\t<div id=\"tab-4-content\" class=\"cont\">\r\n\t\t\t\t\t\t\t\t\t\t\t\t\t\t\t\t\t\t\t\t\t\t<div class=\"row\">\r\n\t\t\t\t\t\t\t\t\t\t\t\t<div class=\"col-md-5\">\r\n\t\t\t\t\t\t\t\t\t\t\t\t\t\t\t\t\t\t\t\t\t\t\t\t\t\t\t\n                                        <div class=\"menu-info\">\n                                            <h5>Kola <span class=\"price\"><\/span><\/h5>\n                                            <p>Normal, Zero, Light<\/p>\n                                        <\/div>\n                                        <div class=\"menu-info\">\n                                            <h5>Gazoz<span class=\"price\"><\/span><\/h5>\n                                            <p>Sade, Limon, Frambuaz, Kar\u0131\u015f\u0131k<\/p>\n                                        <\/div>\n                                        <div class=\"menu-info\">\n                                            <h5>\u00dcz\u00fcm Suyu<span class=\"price\"><\/span><\/h5>\n                                            <p><\/p>\n                                        <\/div>\n\t\t\t\t\t\t\t\t\t\t\t\t\t\t\t\t\t\t\t\t\t\t\t\t\t<\/div>\r\n\t\t\t\t\t\t\t\t\t\t\t\t<div class=\"col-md-5 offset-md-2\">\r\n\t\t\t\t\t\t\t\t\t\t\t\t\t\t\t\t\t\t\t\t\t\t\t\t\t\t\t\n                                        <div class=\"menu-info\">\n                                            <h5>Meyve Suyu<span class=\"price\"><\/span><\/h5>\n                                            <p>Portakal, Vi\u015fne, \u015eeftali, Kay\u0131s\u0131, Kar\u0131\u015f\u0131k<\/p>\n                                        <\/div>\n                                        <div class=\"menu-info\">\n                                            <h5>Su <span class=\"price\"><\/span><\/h5>\n                                            <p><\/p>\n                                        <\/div>\n                                        <div class=\"menu-info\">\n                                            <h5>Soda <span class=\"price\"><\/span><\/h5>\n                                            <p><\/p>\n                                        <\/div>\n\t\t\t\t\t\t\t\t\t\t\t\t\t\t\t\t\t\t\t\t\t\t\t\t\t<\/div>\r\n\t\t\t\t\t\t\t\t\t\t\t<\/div>\r\n\t\t\t\t\t\t\t\t\t\t<\/div>\r\n\t\t\t\t\t\t\t\t\t\t<!-- Salads -->\r\n\t\t\t\t\t\t\t\t\t\t\t\t\t\t\t\t\t\t\t\t\t\t\t\t\t\t\t\t<div id=\"tab-5-content\" class=\"cont\">\r\n\t\t\t\t\t\t\t\t\t\t\t\t\t\t\t\t\t\t\t\t\t\t<div class=\"row\">\r\n\t\t\t\t\t\t\t\t\t\t\t\t<div class=\"col-md-5\">\r\n\t\t\t\t\t\t\t\t\t\t\t\t\t\t\t\t\t\t\t\t\t\t\t\t\t\t\t\n                                        <div class=\"menu-info\">\n                                            <h5>Bourbon Cevizli Turta <span class=\"price\"><\/span><\/h5>\n                                            <p>Bourbon cevizli dolgulu turta, vanilyal\u0131 dondurma<\/p>\n                                        <\/div>\n                                        <div class=\"menu-info\">\n                                            <h5>New York Cheesecake <span class=\"price\"><\/span><\/h5>\n                                            <p>Cheesecake, \u00e7ilek ve misket limonu salatas\u0131<\/p>\n                                        <\/div>\n                                        <div class=\"menu-info\">\n                                            <h5>Hallmark Dondurmas\u0131 <span class=\"price\"><\/span><\/h5>\n                                            <p>Vanilya, burbon, kurabiye, \u00e7ikolatal\u0131 dondurma<\/p>\n                                        <\/div>\n\t\t\t\t\t\t\t\t\t\t\t\t\t\t\t\t\t\t\t\t\t\t\t\t\t<\/div>\r\n\t\t\t\t\t\t\t\t\t\t\t\t<div class=\"col-md-5 offset-md-2\">\r\n\t\t\t\t\t\t\t\t\t\t\t\t\t\t\t\t\t\t\t\t\t\t\t\t\t\t\t\n                                        <div class=\"menu-info\">\n                                            <h5>S\u2019mores <span class=\"price\"><\/span><\/h5>\n                                            <p>Damla \u00e7ikolatal\u0131 kurabiye, marshmallow, \u00e7ikolata<\/p>\n                                        <\/div>\n                                        <div class=\"menu-info\">\n                                            <h5>Ta\u015fl\u0131 yol <span class=\"price\"><\/span><\/h5>\n                                            <p>\u00c7ikolata, marshmallow, bisk\u00fcvi<\/p>\n                                        <\/div>\n                                        <div class=\"menu-info\">\n                                            <h5>Elma ve Armut Ezmesi <span class=\"price\"><\/span><\/h5>\n                                            <p>Karamelize armut ve elma, yulaf ezmesi, vanilyal\u0131 dondurma<\/p>\n                                        <\/div>\n\t\t\t\t\t\t\t\t\t\t\t\t\t\t\t\t\t\t\t\t\t\t\t\t\t<\/div>\r\n\t\t\t\t\t\t\t\t\t\t\t<\/div>\r\n\t\t\t\t\t\t\t\t\t\t<\/div>\r\n\t\t\t\t\t\t\t\t\t\t<!-- Salads -->\r\n\t\t\t\t\t\t\t\t\t\t\t\t\t\t\t\t\t<\/div>\r\n\t\t\t\t\t\t\t<\/div>\r\n\t\t\t\t\t\t<\/div>\r\n\t\t\t\t\t<\/div>\r\n\t\t\t\t<\/div>\r\n\t\t\t<\/section>\r\n\r\n\t\t\t<\/div>\n\t\t\t\t<\/div>\n\t\t\t\t\t<\/div>\n\t\t<\/div>\n\t\t\t\t\t\t\t<\/div>\n\t\t<\/section>\n\t\t\t\t\t\t\t<\/div>\n\t\t","protected":false},"excerpt":{"rendered":"<p>Hallmark Restaurant The best flavors of the city Hallmark Restaurant Hallmark Restaurant is famous for its excellent cuisine and unique ambiance. The menu showcases the influences of Turkish Cuisine, with a tempting selection of classic favorites and creative dishes. We offer the best flavors of the city in our restaurant, where our Master Chefs can [&hellip;]<\/p>\n","protected":false},"author":1,"featured_media":0,"parent":0,"menu_order":0,"comment_status":"closed","ping_status":"closed","template":"page-templates\/home.php","meta":{"footnotes":""},"class_list":["post-3443","page","type-page","status-publish","hentry"],"_links":{"self":[{"href":"https:\/\/hallmarkhotelspa.com\/en\/wp-json\/wp\/v2\/pages\/3443","targetHints":{"allow":["GET"]}}],"collection":[{"href":"https:\/\/hallmarkhotelspa.com\/en\/wp-json\/wp\/v2\/pages"}],"about":[{"href":"https:\/\/hallmarkhotelspa.com\/en\/wp-json\/wp\/v2\/types\/page"}],"author":[{"embeddable":true,"href":"https:\/\/hallmarkhotelspa.com\/en\/wp-json\/wp\/v2\/users\/1"}],"replies":[{"embeddable":true,"href":"https:\/\/hallmarkhotelspa.com\/en\/wp-json\/wp\/v2\/comments?post=3443"}],"version-history":[{"count":10,"href":"https:\/\/hallmarkhotelspa.com\/en\/wp-json\/wp\/v2\/pages\/3443\/revisions"}],"predecessor-version":[{"id":4621,"href":"https:\/\/hallmarkhotelspa.com\/en\/wp-json\/wp\/v2\/pages\/3443\/revisions\/4621"}],"wp:attachment":[{"href":"https:\/\/hallmarkhotelspa.com\/en\/wp-json\/wp\/v2\/media?parent=3443"}],"curies":[{"name":"wp","href":"https:\/\/api.w.org\/{rel}","templated":true}]}}