{"id":3257,"date":"2022-04-29T02:57:41","date_gmt":"2022-04-29T02:57:41","guid":{"rendered":"https:\/\/hallmarkhotelspa.com\/%d0%ba%d0%be%d0%bd%d1%82%d0%b0%d0%ba%d1%82%d1%8b\/"},"modified":"2023-08-21T16:32:18","modified_gmt":"2023-08-21T16:32:18","slug":"%d0%ba%d0%be%d0%bd%d1%82%d0%b0%d0%ba%d1%82%d1%8b","status":"publish","type":"page","link":"https:\/\/hallmarkhotelspa.com\/ru\/%d0%ba%d0%be%d0%bd%d1%82%d0%b0%d0%ba%d1%82%d1%8b\/","title":{"rendered":"\u041a\u043e\u043d\u0442\u0430\u043a\u0442\u044b"},"content":{"rendered":"\t\t<div data-elementor-type=\"wp-page\" data-elementor-id=\"3257\" class=\"elementor elementor-3257 elementor-82\">\n\t\t\t\t\t\t\t\t\t<section class=\"elementor-section elementor-top-section elementor-element elementor-element-550c306 elementor-section-full_width elementor-section-height-default elementor-section-height-default\" data-id=\"550c306\" data-element_type=\"section\">\n\t\t\t\t\t\t<div class=\"elementor-container elementor-column-gap-no\">\n\t\t\t\t\t<div class=\"elementor-column elementor-col-100 elementor-top-column elementor-element elementor-element-77d1bef\" data-id=\"77d1bef\" data-element_type=\"column\">\n\t\t\t<div class=\"elementor-widget-wrap elementor-element-populated\">\n\t\t\t\t\t\t\t\t<div class=\"elementor-element elementor-element-bee56e8 elementor-align-left elementor-widget elementor-widget-pages-banner\" data-id=\"bee56e8\" data-element_type=\"widget\" data-widget_type=\"pages-banner.default\">\n\t\t\t\t<div class=\"elementor-widget-container\">\n\t\t\t\r\n\t\t\t\t<div class=\"banner-header section-padding valign bg-img bg-fixed\" data-overlay-dark=\"4\" data-background=\"http:\/\/hallmarkhotelspa.com\/wp-content\/uploads\/2023\/08\/G0A2436-copy-min-scaled.jpg\">\r\n\t\t\t\t\t<div class=\"container\">\r\n\t\t\t\t<div class=\"row\">\r\n\t\t\t\t\t<div class=\"col-md-12 caption mt-90\">\r\n\t\t\t\t\t\t\t\t\t\t\t\t<h5>Hallmark Hotel &amp; Spa<\/h5>\r\n\t\t\t\t\t\t\t\t\t\t\t\t\t\t\t\t\t\t<h1>\u041a\u043e\u043d\u0442\u0430\u043a\u0442\u044b<\/h1>\r\n\t\t\t\t\t\t\t\t\t\t\t<\/div>\r\n\t\t\t\t<\/div>\r\n\t\t\t<\/div>\r\n\t\t<\/div>\r\n\r\n\t\t\t<\/div>\n\t\t\t\t<\/div>\n\t\t\t\t\t<\/div>\n\t\t<\/div>\n\t\t\t\t\t\t\t<\/div>\n\t\t<\/section>\n\t\t\t\t<section class=\"elementor-section elementor-top-section elementor-element elementor-element-fb25961 elementor-section-full_width elementor-section-height-default elementor-section-height-default\" data-id=\"fb25961\" data-element_type=\"section\">\n\t\t\t\t\t\t<div class=\"elementor-container elementor-column-gap-no\">\n\t\t\t\t\t<div class=\"elementor-column elementor-col-100 elementor-top-column elementor-element elementor-element-9394148\" data-id=\"9394148\" data-element_type=\"column\">\n\t\t\t<div class=\"elementor-widget-wrap elementor-element-populated\">\n\t\t\t\t\t\t\t\t<div class=\"elementor-element elementor-element-712735d elementor-align-left elementor-widget elementor-widget-pages-contact\" data-id=\"712735d\" data-element_type=\"widget\" data-widget_type=\"pages-contact.default\">\n\t\t\t\t<div class=\"elementor-widget-container\">\n\t\t\t<style>\r\n    section.contact form p {\r\n        display: block;\r\n    }\r\n<\/style>\r\n\t\t<section class=\"contact section-padding\">\r\n\t\t\t<div class=\"container\">\r\n\t\t\t\t<div class=\"row mb-90\">\r\n\t\t\t\t\t<div class=\"col-md-6 mb-60\">\r\n\t\t\t\t\t\t\t\t\t\t\t\t<h3>Hallmark Hotel &amp; Spa<\/h3>\r\n\t\t\t\t\t\t\t\t\t\t\t\t\t\t\t\t\t\t<p>\u041a\u0430\u043a Hallmark Hotel &amp; Spa, \u0432\u0430\u0448\u0438 \u043c\u043d\u0435\u043d\u0438\u044f \u0438 \u043c\u044b\u0441\u043b\u0438 \u043e\u0447\u0435\u043d\u044c \u0432\u0430\u0436\u043d\u044b \u0434\u043b\u044f \u043d\u0430\u0441, \u0432\u044b \u043c\u043e\u0436\u0435\u0442\u0435 \u0441\u0432\u044f\u0437\u0430\u0442\u044c\u0441\u044f \u0441 \u043d\u0430\u0448\u0435\u0439 \u043a\u043e\u043c\u0430\u043d\u0434\u043e\u0439, \u043a\u043e\u0442\u043e\u0440\u0430\u044f \u043e\u0431\u0441\u043b\u0443\u0436\u0438\u0432\u0430\u0435\u0442 24\/7 \u0432 \u043b\u044e\u0431\u043e\u0435 \u0432\u0440\u0435\u043c\u044f. <\/p>\r\n\t\t\t\t\t\t\t\t\t\t\t\t\t\t\t\t\t\t<div class=\"reservations mb-30\">\r\n\t\t\t\t\t\t\t\t\t\t\t\t\t\t<div class=\"icon\"><span class=\"flaticon-call\"><\/span><\/div>\r\n\t\t\t\t\t\t\t\t\t\t\t\t\t\t\t\t\t\t\t\t\t<div class=\"text\">\r\n\t\t\t\t\t\t\t\t<p>\u0411\u0440\u043e\u043d\u0438\u0440\u043e\u0432\u0430\u0442\u044c<\/p> <a href=\"tel:0 212 291 00 91\">0 212 291 00 91<\/a>\t\t\t\t\t\t\t<\/div>\r\n\t\t\t\t\t\t\t\t\t\t\t\t\t<\/div>\r\n\t\t\t\t\t\t\t\t\t\t\t\t<div class=\"reservations mb-30\">\r\n\t\t\t\t\t\t\t\t\t\t\t\t\t\t<div class=\"icon\"><span class=\"flaticon-message\"><\/span><\/div>\r\n\t\t\t\t\t\t\t\t\t\t\t\t\t\t\t\t\t\t\t\t\t<div class=\"text\">\r\n\t\t\t\t\t\t\t\t<p>\u0444\u0430\u043a\u0441<\/p> <a href=\"tel:0 212 291 44 91\">0 212 291 44 91<\/a>\t\t\t\t\t\t\t<\/div>\r\n\t\t\t\t\t\t\t\t\t\t\t\t\t<\/div>\r\n\t\t\t\t\t\t\t\t\t\t\t\t<div class=\"reservations mb-30\">\r\n\t\t\t\t\t\t\t\t\t\t\t\t\t\t<div class=\"icon\"><span class=\"flaticon-envelope\"><\/span><\/div>\r\n\t\t\t\t\t\t\t\t\t\t\t\t\t\t\t\t\t\t\t\t\t<div class=\"text\">\r\n\t\t\t\t\t\t\t\t<p>\u042d\u043b\u0435\u043a\u0442\u0440\u043e\u043d\u043d\u0430\u044f \u043f\u043e\u0447\u0442\u0430<\/p> <a href=\"mailto:info@hallmarkhotelspa.com\"> info@hallmarkhotelspa.com<\/a>\t\t\t\t\t\t\t<\/div>\r\n\t\t\t\t\t\t\t\t\t\t\t\t\t<\/div>\r\n\t\t\t\t\t\t\t\t\t\t\t\t<div class=\"reservations mb-30\">\r\n\t\t\t\t\t\t\t\t\t\t\t\t\t\t<div class=\"icon\"><span class=\"flaticon-location-pin\"><\/span><\/div>\r\n\t\t\t\t\t\t\t\t\t\t\t\t\t\t\t\t\t\t\t\t\t<div class=\"text\">\r\n\t\t\t\t\t\t\t\t<p>\u0410\u0434\u0440\u0435\u0441<\/p> Me\u015frutiyet Mahallesi Matbaac\u0131 Osmanbey Sokak No 30 \u015ei\u015fli Istanbul\t\t\t\t\t\t\t<\/div>\r\n\t\t\t\t\t\t\t\t\t\t\t\t\t<\/div>\r\n\t\t\t\t\t\t\t\t\t\t\t<\/div>\r\n\t\t\t\t\t<div class=\"col-md-5 mb-30 offset-md-1\">\r\n\t\t\t\t\t\t\t\t\t\t\t\t<h3>\u041d\u0430\u043f\u0438\u0448\u0438\u0442\u0435 \u043d\u0430\u043c <\/h3>\r\n\t\t\t\t\t\t\t\t\t\t\t\t                        <div class=\"row\" id=\"mesajok\">\r\n                            <div class=\"col-12\">\r\n                                <div class=\"alert alert-success contact__msg\" style=\"display: none\" role=\"alert\"> Your message was sent successfully. <\/div>\r\n                            <\/div>\r\n                        <\/div>\r\n\t\t\t\t\t\t\n<div class=\"wpcf7 no-js\" id=\"wpcf7-f3650-o1\" lang=\"tr-TR\" dir=\"ltr\">\n<div class=\"screen-reader-response\"><p role=\"status\" aria-live=\"polite\" aria-atomic=\"true\"><\/p> <ul><\/ul><\/div>\n<form action=\"\/ru\/wp-json\/wp\/v2\/pages\/3257#wpcf7-f3650-o1\" method=\"post\" class=\"wpcf7-form init\" aria-label=\"Contact form\" novalidate=\"novalidate\" data-status=\"init\">\n<div style=\"display: none;\">\n<input type=\"hidden\" name=\"_wpcf7\" value=\"3650\" \/>\n<input type=\"hidden\" name=\"_wpcf7_version\" value=\"5.8.7\" \/>\n<input type=\"hidden\" name=\"_wpcf7_locale\" value=\"tr_TR\" \/>\n<input type=\"hidden\" name=\"_wpcf7_unit_tag\" value=\"wpcf7-f3650-o1\" \/>\n<input type=\"hidden\" name=\"_wpcf7_container_post\" value=\"0\" \/>\n<input type=\"hidden\" name=\"_wpcf7_posted_data_hash\" value=\"\" \/>\n<\/div>\n<div class=\"row\">\n\t<div class=\"col-md-6 form-group\">\n\t\t<p><span class=\"wpcf7-form-control-wrap\" data-name=\"your-name\"><input size=\"40\" class=\"wpcf7-form-control wpcf7-text wpcf7-validates-as-required\" autocomplete=\"name\" aria-required=\"true\" aria-invalid=\"false\" placeholder=\"\u041f\u043e\u043b\u043d\u043e\u0435 \u0438\u043c\u044f\" value=\"\" type=\"text\" name=\"your-name\" \/><\/span>\n\t\t<\/p>\n\t<\/div>\n\t<div class=\"col-md-6 form-group\">\n\t\t<p><span class=\"wpcf7-form-control-wrap\" data-name=\"your-email\"><input size=\"40\" class=\"wpcf7-form-control wpcf7-email wpcf7-validates-as-required wpcf7-text wpcf7-validates-as-email\" autocomplete=\"email\" aria-required=\"true\" aria-invalid=\"false\" placeholder=\"\u041f\u043e\u0447\u0442\u0430\" value=\"\" type=\"email\" name=\"your-email\" \/><\/span>\n\t\t<\/p>\n\t<\/div>\n\t<div class=\"col-md-6 form-group\">\n\t\t<p><span class=\"wpcf7-form-control-wrap\" data-name=\"your-tel\"><input size=\"40\" class=\"wpcf7-form-control wpcf7-text wpcf7-validates-as-required\" aria-required=\"true\" aria-invalid=\"false\" placeholder=\"\u0422\u0435\u043b\u0435\u0444\u043e\u043d\" value=\"\" type=\"text\" name=\"your-tel\" \/><\/span>\n\t\t<\/p>\n\t<\/div>\n\t<div class=\"col-md-6 form-group\">\n\t\t<p><span class=\"wpcf7-form-control-wrap\" data-name=\"your-subject\"><input size=\"40\" class=\"wpcf7-form-control wpcf7-text wpcf7-validates-as-required\" aria-required=\"true\" aria-invalid=\"false\" placeholder=\"\u041f\u0440\u0435\u0434\u043c\u0435\u0442\" value=\"\" type=\"text\" name=\"your-subject\" \/><\/span>\n\t\t<\/p>\n\t<\/div>\n\t<div class=\"col-md-12 form-group\">\n\t\t<p><span class=\"wpcf7-form-control-wrap\" data-name=\"your-message\"><textarea cols=\"40\" rows=\"10\" class=\"wpcf7-form-control wpcf7-textarea\" aria-invalid=\"false\" placeholder=\"\u0421\u043e\u043e\u0431\u0449\u0435\u043d\u0438\u0435\" name=\"your-message\"><\/textarea><\/span>\n\t\t<\/p>\n\t<\/div>\n\t<div class=\"col-md-12\">\n\t\t<p><input class=\"wpcf7-form-control wpcf7-submit has-spinner butn-dark\" type=\"submit\" value=\"G\u00f6nder\" \/>\n\t\t<\/p>\n\t<\/div>\n<\/div><div class=\"wpcf7-response-output\" aria-hidden=\"true\"><\/div>\n<\/form>\n<\/div>\n\t\t\t\t\t\t\t\t\t\t\t<\/div>\r\n                <\/div>\r\n\t\t\t\t\t\t\t\t<div class=\"row\">\r\n\t\t\t\t\t<div class=\"col-md-12 map animate-box\" data-animate-effect=\"fadeInUp\">\r\n\t\t\t\t\t\t<iframe src=\"https:\/\/www.google.com\/maps\/embed?pb=!1m14!1m12!1m3!1d632.4958928465521!2d28.988565739964457!3d41.054247516529955!2m3!1f0!2f0!3f0!3m2!1i1024!2i768!4f13.1!5e0!3m2!1str!2str!4v1677755430075!5m2!1str!2str\" width=\"600\" height=\"450\" style=\"border:0;\" allowfullscreen=\"\" loading=\"lazy\" referrerpolicy=\"no-referrer-when-downgrade\" width=\"100%\" height=\"600\" style=\"border:0;\" allowfullscreen=\"\" loading=\"lazy\"><\/iframe>\r\n\t\t\t\t\t<\/div>\r\n\t\t\t\t<\/div>\r\n\t\t\t\t\t\t\t<\/div>\r\n\t\t<\/section>\r\n\t\t\r\n\r\n\t\t\t<\/div>\n\t\t\t\t<\/div>\n\t\t\t\t\t<\/div>\n\t\t<\/div>\n\t\t\t\t\t\t\t<\/div>\n\t\t<\/section>\n\t\t\t\t<section class=\"elementor-section elementor-top-section elementor-element elementor-element-20b7026 elementor-section-full_width elementor-section-height-default elementor-section-height-default\" data-id=\"20b7026\" data-element_type=\"section\">\n\t\t\t\t\t\t<div class=\"elementor-container elementor-column-gap-no\">\n\t\t\t\t\t<div class=\"elementor-column elementor-col-100 elementor-top-column elementor-element elementor-element-2a9ca24\" data-id=\"2a9ca24\" data-element_type=\"column\">\n\t\t\t<div class=\"elementor-widget-wrap elementor-element-populated\">\n\t\t\t\t\t\t\t\t<div class=\"elementor-element elementor-element-db00799 elementor-align-left elementor-widget elementor-widget-pages-faq\" data-id=\"db00799\" data-element_type=\"widget\" data-widget_type=\"pages-faq.default\">\n\t\t\t\t<div class=\"elementor-widget-container\">\n\t\t\t\r\n\t\t\t\t<section class=\"section-padding bg-cream\">\r\n\t\t \r\n\t\t\t<div class=\"container\">\r\n\t\t\t\t<div class=\"row\">\r\n\t\t\t\t\t<div class=\"col-md-12\">\r\n\t\t\t\t\t\t\t\t\t\t\t\t\t<div class=\"section-subtitle\">\u0427\u0430\u0441\u0442\u043e \u0437\u0430\u0434\u0430\u0432\u0430\u0435\u043c\u044b\u0435 \u0432\u043e\u043f\u0440\u043e\u0441\u044b<\/div>\r\n\t\t\t\t\t\t\t\t\t\t\t\t\t\t\t\t\t<\/div>\r\n\t\t\t\t\t<div class=\"col-md-12\">\r\n\t\t\t\t\t\t<ul class=\"accordion-box clearfix\">\r\n\t\t\t\t\t\t\t\t\t\t\t\t\t\t\t<li class=\"accordion block\">\r\n\t\t\t\t\t\t\t\t\t\t\t\t\t\t\t\t\t\t\t<div class=\"acc-btn\">\u041a\u0430\u043a \u0434\u043e\u0431\u0440\u0430\u0442\u044c\u0441\u044f \u0434\u043e \u043e\u0442\u0435\u043b\u044f? <\/div>\r\n\t\t\t\t\t\t\t\t\t\t\t\t\t\t\t\t\t\t\t\t\t\t\t\t\t\t\t\t<div class=\"acc-content\">\r\n\t\t\t\t\t\t\t\t\t\t\t<div class=\"content\">\r\n\t\t\t\t\t\t\t\t\t\t\t\t<div class=\"text\">\u041d\u0430\u0448 \u043e\u0442\u0435\u043b\u044c \u043d\u0430\u0445\u043e\u0434\u0438\u0442\u0441\u044f \u0432 2 \u043c\u0438\u043d\u0443\u0442\u0430\u0445 \u0445\u043e\u0434\u044c\u0431\u044b \u043e\u0442 \u043e\u0441\u0442\u0430\u043d\u043e\u0432\u043a\u0438 Osmanbey \u0447\u0435\u0440\u0435\u0437 \u043b\u0438\u043d\u0438\u044e \u043c\u0435\u0442\u0440\u043e Hac\u0131osman - Yenikap\u0131<\/div>\r\n\t\t\t\t\t\t\t\t\t\t\t<\/div>\r\n\t\t\t\t\t\t\t\t\t\t<\/div>\r\n\t\t\t\t\t\t\t\t\t\t\t\t\t\t\t\t\t<\/li>\r\n\t\t\t\t\t\t\t\t\t\t\t\t\t\t\t<li class=\"accordion block\">\r\n\t\t\t\t\t\t\t\t\t\t\t\t\t\t\t\t\t\t\t<div class=\"acc-btn\">\u041f\u0440\u0438\u043d\u0438\u043c\u0430\u0435\u0442\u0435 \u043b\u0438 \u0432\u044b \u0434\u043e\u043c\u0430\u0448\u043d\u0438\u0445 \u0436\u0438\u0432\u043e\u0442\u043d\u044b\u0445? <\/div>\r\n\t\t\t\t\t\t\t\t\t\t\t\t\t\t\t\t\t\t\t\t\t\t\t\t\t\t\t\t<div class=\"acc-content\">\r\n\t\t\t\t\t\t\t\t\t\t\t<div class=\"content\">\r\n\t\t\t\t\t\t\t\t\t\t\t\t<div class=\"text\">\u0414\u043e\u043c\u0430\u0448\u043d\u0438\u0435 \u0436\u0438\u0432\u043e\u0442\u043d\u044b\u0435 \u043d\u0435 \u0434\u043e\u043f\u0443\u0441\u043a\u0430\u044e\u0442\u0441\u044f \u043d\u0430 \u043d\u0430\u0448 \u043e\u0431\u044a\u0435\u043a\u0442 <\/div>\r\n\t\t\t\t\t\t\t\t\t\t\t<\/div>\r\n\t\t\t\t\t\t\t\t\t\t<\/div>\r\n\t\t\t\t\t\t\t\t\t\t\t\t\t\t\t\t\t<\/li>\r\n\t\t\t\t\t\t\t\t\t\t\t\t\t\t\t<li class=\"accordion block\">\r\n\t\t\t\t\t\t\t\t\t\t\t\t\t\t\t\t\t\t\t<div class=\"acc-btn\">\u0415\u0441\u0442\u044c \u043b\u0438 \u0443 \u0432\u0430\u0441 \u043d\u043e\u043c\u0435\u0440\u0430 \u0434\u043b\u044f \u043a\u0443\u0440\u044f\u0449\u0438\u0445? <\/div>\r\n\t\t\t\t\t\t\t\t\t\t\t\t\t\t\t\t\t\t\t\t\t\t\t\t\t\t\t\t<div class=\"acc-content\">\r\n\t\t\t\t\t\t\t\t\t\t\t<div class=\"content\">\r\n\t\t\t\t\t\t\t\t\t\t\t\t<div class=\"text\">\u0415\u0441\u0442\u044c \u043d\u043e\u043c\u0435\u0440\u0430 \u0434\u043b\u044f \u043a\u0443\u0440\u044f\u0449\u0438\u0445<\/div>\r\n\t\t\t\t\t\t\t\t\t\t\t<\/div>\r\n\t\t\t\t\t\t\t\t\t\t<\/div>\r\n\t\t\t\t\t\t\t\t\t\t\t\t\t\t\t\t\t<\/li>\r\n\t\t\t\t\t\t\t\t\t\t\t\t\t\t\t<li class=\"accordion block\">\r\n\t\t\t\t\t\t\t\t\t\t\t\t\t\t\t\t\t\t\t<div class=\"acc-btn\">\u0423 \u0432\u0430\u0441 \u0435\u0441\u0442\u044c \u0441\u0435\u0439\u0444 \u0432 \u043d\u043e\u043c\u0435\u0440\u0435?<\/div>\r\n\t\t\t\t\t\t\t\t\t\t\t\t\t\t\t\t\t\t\t\t\t\t\t\t\t\t\t\t<div class=\"acc-content\">\r\n\t\t\t\t\t\t\t\t\t\t\t<div class=\"content\">\r\n\t\t\t\t\t\t\t\t\t\t\t\t<div class=\"text\">\u0423 \u043d\u0430\u0441 \u0435\u0441\u0442\u044c \u0441\u0435\u0439\u0444, \u0433\u0434\u0435 \u0432\u044b \u043c\u043e\u0436\u0435\u0442\u0435 \u0443\u0441\u0442\u0430\u043d\u043e\u0432\u0438\u0442\u044c \u0441\u0432\u043e\u0439 \u0441\u043e\u0431\u0441\u0442\u0432\u0435\u043d\u043d\u044b\u0439 \u043f\u0430\u0440\u043e\u043b\u044c \u0432 \u043d\u043e\u043c\u0435\u0440\u0435<\/div>\r\n\t\t\t\t\t\t\t\t\t\t\t<\/div>\r\n\t\t\t\t\t\t\t\t\t\t<\/div>\r\n\t\t\t\t\t\t\t\t\t\t\t\t\t\t\t\t\t<\/li>\r\n\t\t\t\t\t\t\t\t\t\t\t\t\t\t\t<li class=\"accordion block\">\r\n\t\t\t\t\t\t\t\t\t\t\t\t\t\t\t\t\t\t\t<div class=\"acc-btn\">\u0423 \u0432\u0430\u0441 \u0435\u0441\u0442\u044c \u043a\u0440\u043e\u0432\u0430\u0442\u044c \u0434\u043b\u044f \u0434\u0435\u0442\u0435\u0439?<\/div>\r\n\t\t\t\t\t\t\t\t\t\t\t\t\t\t\t\t\t\t\t\t\t\t\t\t\t\t\t\t<div class=\"acc-content\">\r\n\t\t\t\t\t\t\t\t\t\t\t<div class=\"content\">\r\n\t\t\t\t\t\t\t\t\t\t\t\t<div class=\"text\">\u0414\u0430, \u043c\u044b \u0431\u0443\u0434\u0435\u043c \u0440\u0430\u0434\u044b \u043f\u043e\u043c\u043e\u0447\u044c, \u0435\u0441\u043b\u0438 \u0432\u044b \u0441\u043e\u043e\u0431\u0449\u0438\u0442\u0435 \u043d\u0430\u043c \u043e\u0431 \u044d\u0442\u043e\u043c \u0432 \u043f\u0440\u043e\u0446\u0435\u0441\u0441\u0435 \u0431\u0440\u043e\u043d\u0438\u0440\u043e\u0432\u0430\u043d\u0438\u044f \u0438\u043b\u0438 \u0440\u0435\u0433\u0438\u0441\u0442\u0440\u0430\u0446\u0438\u0438. <\/div>\r\n\t\t\t\t\t\t\t\t\t\t\t<\/div>\r\n\t\t\t\t\t\t\t\t\t\t<\/div>\r\n\t\t\t\t\t\t\t\t\t\t\t\t\t\t\t\t\t<\/li>\r\n\t\t\t\t\t\t\t\t\t\t\t\t\t<\/ul>\r\n\t\t\t\t\t<\/div>\r\n\t\t\t\t<\/div>\r\n\t\t\t<\/div>\r\n\t\t<\/section>\r\n\r\n\t\t\t<\/div>\n\t\t\t\t<\/div>\n\t\t\t\t\t<\/div>\n\t\t<\/div>\n\t\t\t\t\t\t\t<\/div>\n\t\t<\/section>\n\t\t\t\t\t\t\t<\/div>\n\t\t","protected":false},"excerpt":{"rendered":"<p>Hallmark Hotel &amp; Spa \u041a\u043e\u043d\u0442\u0430\u043a\u0442\u044b Hallmark Hotel &amp; Spa \u041a\u0430\u043a Hallmark Hotel &amp; Spa, \u0432\u0430\u0448\u0438 \u043c\u043d\u0435\u043d\u0438\u044f \u0438 \u043c\u044b\u0441\u043b\u0438 \u043e\u0447\u0435\u043d\u044c \u0432\u0430\u0436\u043d\u044b \u0434\u043b\u044f \u043d\u0430\u0441, \u0432\u044b \u043c\u043e\u0436\u0435\u0442\u0435 \u0441\u0432\u044f\u0437\u0430\u0442\u044c\u0441\u044f \u0441 \u043d\u0430\u0448\u0435\u0439 \u043a\u043e\u043c\u0430\u043d\u0434\u043e\u0439, \u043a\u043e\u0442\u043e\u0440\u0430\u044f \u043e\u0431\u0441\u043b\u0443\u0436\u0438\u0432\u0430\u0435\u0442 24\/7 \u0432 \u043b\u044e\u0431\u043e\u0435 \u0432\u0440\u0435\u043c\u044f. \u0411\u0440\u043e\u043d\u0438\u0440\u043e\u0432\u0430\u0442\u044c 0 212 291 00 91 \u0444\u0430\u043a\u0441 0 212 291 44 91 \u042d\u043b\u0435\u043a\u0442\u0440\u043e\u043d\u043d\u0430\u044f \u043f\u043e\u0447\u0442\u0430 info@hallmarkhotelspa.com \u0410\u0434\u0440\u0435\u0441 Me\u015frutiyet Mahallesi Matbaac\u0131 Osmanbey Sokak [&hellip;]<\/p>\n","protected":false},"author":1,"featured_media":0,"parent":0,"menu_order":0,"comment_status":"closed","ping_status":"closed","template":"page-templates\/home.php","meta":{"footnotes":""},"class_list":["post-3257","page","type-page","status-publish","hentry"],"_links":{"self":[{"href":"https:\/\/hallmarkhotelspa.com\/ru\/wp-json\/wp\/v2\/pages\/3257","targetHints":{"allow":["GET"]}}],"collection":[{"href":"https:\/\/hallmarkhotelspa.com\/ru\/wp-json\/wp\/v2\/pages"}],"about":[{"href":"https:\/\/hallmarkhotelspa.com\/ru\/wp-json\/wp\/v2\/types\/page"}],"author":[{"embeddable":true,"href":"https:\/\/hallmarkhotelspa.com\/ru\/wp-json\/wp\/v2\/users\/1"}],"replies":[{"embeddable":true,"href":"https:\/\/hallmarkhotelspa.com\/ru\/wp-json\/wp\/v2\/comments?post=3257"}],"version-history":[{"count":16,"href":"https:\/\/hallmarkhotelspa.com\/ru\/wp-json\/wp\/v2\/pages\/3257\/revisions"}],"predecessor-version":[{"id":4546,"href":"https:\/\/hallmarkhotelspa.com\/ru\/wp-json\/wp\/v2\/pages\/3257\/revisions\/4546"}],"wp:attachment":[{"href":"https:\/\/hallmarkhotelspa.com\/ru\/wp-json\/wp\/v2\/media?parent=3257"}],"curies":[{"name":"wp","href":"https:\/\/api.w.org\/{rel}","templated":true}]}}